{"id":1024,"date":"2026-02-26T08:44:27","date_gmt":"2026-02-26T07:44:27","guid":{"rendered":"https:\/\/solfemmes.ch\/?page_id=1024"},"modified":"2026-02-27T11:50:47","modified_gmt":"2026-02-27T10:50:47","slug":"une-maison-pour-filles-a-bienne","status":"publish","type":"page","link":"https:\/\/solfemmes.ch\/fr\/prestations\/une-maison-pour-filles-a-bienne\/","title":{"rendered":"Maison pour filles"},"content":{"rendered":"<section class=\"l-section wpb_row height_huge\"><div class=\"l-section-h i-cf\"><div class=\"g-cols vc_row via_grid cols_1 laptops-cols_inherit tablets-cols_inherit mobiles-cols_1 valign_top type_default stacking_default\"><div class=\"wpb_column vc_column_container\"><div class=\"vc_column-inner\"><div class=\"wpb_text_column\"><div class=\"wpb_wrapper\"><h2>Une Maison pour filles \u00e0 Bienne<\/h2>\n<p><strong>Communiqu\u00e9 de presse<\/strong><br \/>\nBienne, 25 f\u00e9vrier 2026<\/p>\n<p><strong>\u00c0 partir de juin 2026, les jeunes femmes et adolescentes victimes de violence disposeront d&rsquo;un refuge sp\u00e9cialement adapt\u00e9 \u00e0 leurs besoins. La Maison pour filles \/ M\u00e4dchenhaus Biel\/Bienne offrira un h\u00e9bergement s\u00fbr et une prise en charge \u00e0 6 \u00e0 8 personnes ayant besoin de protection. Ce projet pilote est le deuxi\u00e8me du genre en Suisse et est g\u00e9r\u00e9 par le service cantonal d&rsquo;aide aux victimes Solidarit\u00e9 femmes Biel\/Bienne &amp; Region.<\/strong><\/p>\n<p>\u00c0 ce jour, il n&rsquo;existe en Suisse que 7 places pour les adolescentes et les jeunes adultes menac\u00e9es de violence aigu\u00eb. Depuis 30 ans, la M\u00e4dchenhaus de Z\u00fcrich offre une protection et un accompagnement aux jeunes femmes \u00e2g\u00e9es de 14 \u00e0 20 ans en situation de violence et de crise. Une \u00e9tude r\u00e9alis\u00e9e en 2022 par le bureau f\u00e9d\u00e9ral de l\u2019\u00e9galit\u00e9 (BFEG) a montr\u00e9 qu&rsquo;il est manque 40 places d&rsquo;accueil qui offre un accompagnement sp\u00e9cialis\u00e9 pour les jeunes femmes et adolescentes victimes de violence. Une Maison pour filles, situ\u00e9e \u00e0 Bienne, \u00e0 la fronti\u00e8re linguistique entre l&rsquo;allemand et le fran\u00e7ais, viendra d\u00e9sormais s\u2019ajouter \u00e0 l\u2019offre actuelle pour r\u00e9pondre \u00e0 un besoin urgent et n\u00e9cessaire.<\/p>\n<p>L&rsquo;association M\u00e4dchenHousepourFilles s&rsquo;engage depuis d\u00e9j\u00e0 15 ans en faveur d&rsquo;une maison d&rsquo;accueil bilingue sp\u00e9cifiquement pour les adolescentes et jeunes femmes \u00e0 Bienne. En 2018, elle a men\u00e9 une phase test de huit mois, financ\u00e9e par des dons et ainsi d\u00e9montr\u00e9 la n\u00e9cessit\u00e9 d&rsquo;une institution d&rsquo;aide d&rsquo;urgence sp\u00e9cifique pour ce public cible. Le canton n\u2019a toutefois par repris le projet pilote, car le Grand Conseil a d\u00e9cid\u00e9 que celui-ci s\u2019ins\u00e9rerait dans une strat\u00e9gie cantonale globale pour l&rsquo;aide aux victimes qui devait encore \u00eatre \u00e9labor\u00e9e.<\/p>\n<p>Huit ans apr\u00e8s ce premier projet, le moment est enfin venu. La mise \u00e0 disposition d\u2019un lieu adapt\u00e9 \u00e0 l\u2019impl\u00e9mentation d\u2019une telle structure permettra \u00e0 Solidarit\u00e9 femmes Biel\/Bienne &amp; Region d\u2019ouvrir en juin 2026 la deuxi\u00e8me Maison pour filles en Suisse. Le canton de Berne a approuv\u00e9 le projet et le financera pour une dur\u00e9e initiale de trois ans en tant que projet pilote. Cette p\u00e9riode sera mise \u00e0 profit pour acqu\u00e9rir de l&rsquo;exp\u00e9rience et optimiser les conditions-cadres du fonctionnement. En tant qu&rsquo;institution d&rsquo;intervention de crise, la Maison pour filles offrira un refuge \u00e0 des adolescentes et jeunes adultes \u00e2g\u00e9es de 14 \u00e0 20 ans victimes de violences psychologiques, physiques ou sexuelles, \u00e0 une adresse prot\u00e9g\u00e9e. Le service cantonal d&rsquo;aide aux victimes Solidarit\u00e9 femmes Biel\/Bienne &amp; Region g\u00e8rera l&rsquo;\u00e9tablissement et assurera la protection, l&rsquo;h\u00e9bergement et l&rsquo;accompagnement professionnel.<\/p>\n<p>En tant qu&rsquo;\u00c9tat signataire de la Convention d&rsquo;Istanbul depuis 2018, la Suisse est tenue de prot\u00e9ger les femmes et les mineures contre toutes les formes de violence. L&rsquo;ouverture de la Maison pour filles de Bienne\/Biel contribue concr\u00e8tement \u00e0 la mise en oeuvre de cette obligation et constitue une \u00e9tape importante vers plus de s\u00e9curit\u00e9 pour les adolescentes et les jeunes femmes.<\/p>\n<p><strong>Pour toute question, n\u2019h\u00e9sitez pas \u00e0 contacter :<\/strong><br \/>\nManuela Schild, directrice de Solidarit\u00e9 femmes Biel\/Bienne &amp; Region,<br \/>\n<a href=\"mailto:schild@solfemmes.ch\">schild@solfemmes.ch<\/a>, t\u00e9l. 032 322 03 44<\/p>\n<\/div><\/div><\/div><\/div><\/div><\/div><\/section>\n","protected":false},"excerpt":{"rendered":"Une Maison pour filles \u00e0 Bienne Communiqu\u00e9 de presse Bienne, 25 f\u00e9vrier 2026 \u00c0 partir de juin 2026, les jeunes femmes et adolescentes victimes de violence disposeront d&rsquo;un refuge sp\u00e9cialement adapt\u00e9 \u00e0 leurs besoins. La Maison pour filles \/ M\u00e4dchenhaus Biel\/Bienne offrira un h\u00e9bergement s\u00fbr et une prise en charge \u00e0 6 \u00e0 8 personnes...","protected":false},"author":1,"featured_media":563,"parent":518,"menu_order":0,"comment_status":"closed","ping_status":"closed","template":"","meta":{"footnotes":""},"class_list":["post-1024","page","type-page","status-publish","has-post-thumbnail","hentry"],"_links":{"self":[{"href":"https:\/\/solfemmes.ch\/fr\/wp-json\/wp\/v2\/pages\/1024","targetHints":{"allow":["GET"]}}],"collection":[{"href":"https:\/\/solfemmes.ch\/fr\/wp-json\/wp\/v2\/pages"}],"about":[{"href":"https:\/\/solfemmes.ch\/fr\/wp-json\/wp\/v2\/types\/page"}],"author":[{"embeddable":true,"href":"https:\/\/solfemmes.ch\/fr\/wp-json\/wp\/v2\/users\/1"}],"replies":[{"embeddable":true,"href":"https:\/\/solfemmes.ch\/fr\/wp-json\/wp\/v2\/comments?post=1024"}],"version-history":[{"count":3,"href":"https:\/\/solfemmes.ch\/fr\/wp-json\/wp\/v2\/pages\/1024\/revisions"}],"predecessor-version":[{"id":1030,"href":"https:\/\/solfemmes.ch\/fr\/wp-json\/wp\/v2\/pages\/1024\/revisions\/1030"}],"up":[{"embeddable":true,"href":"https:\/\/solfemmes.ch\/fr\/wp-json\/wp\/v2\/pages\/518"}],"wp:featuredmedia":[{"embeddable":true,"href":"https:\/\/solfemmes.ch\/fr\/wp-json\/wp\/v2\/media\/563"}],"wp:attachment":[{"href":"https:\/\/solfemmes.ch\/fr\/wp-json\/wp\/v2\/media?parent=1024"}],"curies":[{"name":"wp","href":"https:\/\/api.w.org\/{rel}","templated":true}]}}