{"id":384,"date":"2025-10-23T13:57:25","date_gmt":"2025-10-23T11:57:25","guid":{"rendered":"https:\/\/solfemmes.ch\/home\/"},"modified":"2026-03-12T09:19:29","modified_gmt":"2026-03-12T08:19:29","slug":"home","status":"publish","type":"page","link":"https:\/\/solfemmes.ch\/fr\/","title":{"rendered":"Accueil"},"content":{"rendered":"<section class=\"l-section wpb_row us_custom_40bd9305 height_auto width_full\"><div class=\"l-section-h i-cf\"><div class=\"g-cols vc_row via_grid cols_1 laptops-cols_inherit tablets-cols_inherit mobiles-cols_1 valign_top type_default stacking_default\"><div class=\"wpb_column vc_column_container\"><div class=\"vc_column-inner\">\n\t\t\t\t<p class=\"rs-p-wp-fix\"><\/p>\n\t\t\t\t<sr7-module data-alias=\"slider-fr\" data-id=\"2\" id=\"SR7_2_1\" class=\"rs-ov-hidden\" data-version=\"6.7.41\">\n\t\t\t\t\t<sr7-adjuster><\/sr7-adjuster>\n\t\t\t\t\t<sr7-content>\n\t\t\t\t\t\t<sr7-slide id=\"SR7_2_1-3\" data-key=\"3\">\n\t\t\t\t\t\t<\/sr7-slide>\n\t\t\t\t\t\t<sr7-slide id=\"SR7_2_1-4\" data-key=\"4\">\n\t\t\t\t\t\t<\/sr7-slide>\n\t\t\t\t\t<\/sr7-content>\n\t\t\t\t\t<image_lists style=\"display:none\">\n\t\t\t\t\t\t<img data-src=\"\/\/solfemmes.ch\/wp-content\/uploads\/2025\/11\/haeusliche-gewalt-banner-25-1-fr.png\" data-libid=\"507\" data-lib=\"medialibrary\" title=\"haeusliche-gewalt-banner-25-1-fr\" width=\"0\" height=\"0\" data-dbsrc=\"Ly9zb2xmZW1tZXMuY2gvd3AtY29udGVudC91cGxvYWRzLzIwMjUvMTEvaGFldXNsaWNoZS1nZXdhbHQtYmFubmVyLTI1LTEtZnIucG5n\"\/>\n\t\t\t\t\t\t<img data-src=\"\/\/solfemmes.ch\/wp-content\/uploads\/2025\/11\/haeusliche-gewalt-banner-25-2-fr.png\" data-libid=\"508\" data-lib=\"medialibrary\" title=\"haeusliche-gewalt-banner-25-2-fr\" width=\"0\" height=\"0\" data-dbsrc=\"Ly9zb2xmZW1tZXMuY2gvd3AtY29udGVudC91cGxvYWRzLzIwMjUvMTEvaGFldXNsaWNoZS1nZXdhbHQtYmFubmVyLTI1LTItZnIucG5n\"\/>\n\t\t\t\t\t<\/image_lists>\n\t\t\t\t<\/sr7-module>\n\t\t\t\t<script>\n\t\t\t\t\tSR7.PMH ??={}; SR7.PMH[\"SR7_2_1\"] = {cn:100,state:false,fn: function() { if (_tpt!==undefined && _tpt.prepareModuleHeight !== undefined) {  _tpt.prepareModuleHeight({id:\"SR7_2_1\",el:[326,326,768,960,720],type:'standard',shdw:'0',gh:[326,326,269,204,126],gw:[1240,1240,1024,778,480],vpt:['-100px'],size:{fullWidth:true, fullHeight:true},fho:'#page-header,',mh:'0',onh:0,onw:0,bg:{color:'{\"orig\":\"transparent\",\"type\":\"solid\",\"string\":\"transparent\"}'}});   SR7.PMH[\"SR7_2_1\"].state=true;} else if(SR7.PMH[\"SR7_2_1\"].cn-->0)\tsetTimeout( SR7.PMH[\"SR7_2_1\"].fn,19);}};SR7.PMH[\"SR7_2_1\" ].fn();\n\t\t\t\t<\/script>\n<\/div><\/div><\/div><\/div><\/section><section class=\"l-section wpb_row us_custom_ddfadd9c height_huge\"><div class=\"l-section-h i-cf\"><div class=\"g-cols vc_row via_grid cols_2 laptops-cols_inherit tablets-cols_inherit mobiles-cols_1 valign_middle type_default stacking_default\"><div class=\"wpb_column vc_column_container us_custom_9d5325e5 has_text_color\"><div class=\"vc_column-inner\"><div class=\"wpb_text_column\"><div class=\"wpb_wrapper\"><h2>Centre de consultation, maison d&rsquo;accueil et maison pour filles<\/h2>\n<p>Service d\u2019aide aux victimes reconnu par le canton de Berne pour femmes* et enfants<\/p>\n<\/div><\/div><\/div><\/div><div class=\"wpb_column vc_column_container us_custom_873f76b1 teaser has_text_color has_bg_color has-link\"><div class=\"vc_column-inner\"><div class=\"wpb_text_column\"><div class=\"wpb_wrapper\"><h2>Vous subissez des violences \u00e0 la maison ?<br \/>\nVous avez besoin de protection ?<\/h2>\n<p>Appelez-nous au 032 322 03 44<\/p>\n<\/div><\/div><\/div><a target=\"_blank\" href=\"tel:+41323220344\" class=\"vc_column-link smooth-scroll\" aria-label=\"Lien\"><\/a><\/div><\/div><\/div><\/section><section class=\"l-section wpb_row height_huge\"><div class=\"l-section-h i-cf\"><div class=\"g-cols vc_row via_grid cols_1 laptops-cols_inherit tablets-cols_inherit mobiles-cols_1 valign_top type_default stacking_default\"><div class=\"wpb_column vc_column_container\"><div class=\"vc_column-inner\"><div class=\"wpb_text_column us_custom_eb849559\"><div class=\"wpb_wrapper\"><h2>Projets<\/h2>\n<\/div><\/div><\/div><\/div><\/div><\/div><\/section><section class=\"l-section wpb_row us_custom_887a049b height_huge\"><div class=\"l-section-h i-cf\"><div class=\"g-cols vc_row via_grid cols_2 laptops-cols_inherit tablets-cols_inherit mobiles-cols_1 valign_top type_default stacking_default\"><div class=\"wpb_column vc_column_container us_custom_32db810e teaser has_bg_color has-link\"><div class=\"vc_column-inner\"><div class=\"w-image us_custom_74822cee has_height align_center\"><div class=\"w-image-h\"><img decoding=\"async\" width=\"526\" height=\"207\" src=\"https:\/\/solfemmes.ch\/wp-content\/uploads\/2025\/10\/opferhilfe-schweiz.png\" class=\"attachment-full size-full\" alt=\"\" loading=\"lazy\" srcset=\"https:\/\/solfemmes.ch\/wp-content\/uploads\/2025\/10\/opferhilfe-schweiz.png 526w, https:\/\/solfemmes.ch\/wp-content\/uploads\/2025\/10\/opferhilfe-schweiz-300x118.png 300w\" sizes=\"auto, (max-width: 526px) 100vw, 526px\" \/><\/div><\/div><div class=\"w-separator size_medium\"><\/div><div class=\"wpb_text_column us_custom_eb849559\"><div class=\"wpb_wrapper\"><p>Ici vous trouvez des informations dans s&rsquo;autres langues<\/p>\n<\/div><\/div><\/div><a target=\"_blank\" href=\"https:\/\/www.opferhilfe-schweiz.ch\/de\/\" class=\"vc_column-link smooth-scroll\" aria-label=\"Lien\"><\/a><\/div><div class=\"wpb_column vc_column_container us_custom_32db810e teaser has_bg_color has-link\"><div class=\"vc_column-inner\"><div class=\"w-image align_center\"><div class=\"w-image-h\"><img decoding=\"async\" width=\"847\" height=\"188\" src=\"https:\/\/solfemmes.ch\/wp-content\/uploads\/2025\/11\/imi-s-envole.jpg\" class=\"attachment-full size-full\" alt=\"\" loading=\"lazy\" srcset=\"https:\/\/solfemmes.ch\/wp-content\/uploads\/2025\/11\/imi-s-envole.jpg 847w, https:\/\/solfemmes.ch\/wp-content\/uploads\/2025\/11\/imi-s-envole-300x67.jpg 300w\" sizes=\"auto, (max-width: 847px) 100vw, 847px\" \/><\/div><\/div><div class=\"w-separator size_medium\"><\/div><div class=\"wpb_text_column us_custom_eb849559\"><div class=\"wpb_wrapper\"><p>Projet de pr\u00e9vention dans les \u00e9coles<\/p>\n<\/div><\/div><\/div><a href=\"https:\/\/solfemmes.ch\/projekte\/imi-fliegt\/\" class=\"vc_column-link smooth-scroll\" aria-label=\"Lien\"><\/a><\/div><\/div><\/div><\/section><section class=\"l-section wpb_row height_huge\"><div class=\"l-section-h i-cf\"><div class=\"g-cols vc_row via_grid cols_1 laptops-cols_inherit tablets-cols_inherit mobiles-cols_1 valign_top type_default stacking_default\"><div class=\"wpb_column vc_column_container\"><div class=\"vc_column-inner\"><div class=\"wpb_text_column us_custom_eb849559\"><div class=\"wpb_wrapper\"><h2>News<\/h2>\n<\/div><\/div><div class=\"w-separator size_huge\"><\/div><div class=\"w-grid us_post_list type_grid layout_186 cols_1 pagination_load_on_btn preload_style_spinner open_items_in_popup\" id=\"us_post_list_u115\" style=\"--columns:1;--gap:1.5rem;\"><style>.layout_186 .w-grid-item-h{}.layout_186 .usg_post_image_1{transition-duration:0.3s;transform-origin:50% 50%;transform:scale(1) translate(0%,0%)}.layout_186 .w-grid-item-h:focus-within .usg_post_image_1,.layout_186 .w-grid-item-h:hover .usg_post_image_1{transform:scale(1.01) translate(0%,0%);opacity:1}@media(max-width:479px){.layout_186 .usg_post_image_1{display:none!important}}.layout_186 .usg_hwrapper_1{color:var(--color-content-text)!important;margin-left:10%!important;padding-top:6%!important;padding-bottom:6%!important;background:var(--color-content-bg-alt)!important}.layout_186 .usg_post_image_1{width:50%!important;margin-left:-11%!important;margin-right:0!important}.layout_186 .usg_vwrapper_1{width:48%!important;margin-left:7%!important}.layout_186 .usg_post_date_1{font-size:0.9rem!important}.layout_186 .usg_post_title_1{font-weight:700!important;line-height:1.2!important}.layout_186 .usg_post_content_1{font-size:0.9rem!important}@media (max-width:600px){.layout_186 .usg_hwrapper_1{margin-left:0!important;margin-right:0!important;padding-top:0!important;padding-bottom:0!important}.layout_186 .usg_post_image_1{width:100%!important;margin-left:0!important;margin-right:0!important}.layout_186 .usg_vwrapper_1{width:86%!important;margin:5% 7% 7% 7%!important}}<\/style><div class=\"w-grid-list\">\t<article class=\"w-grid-item size_1x1 post-1011 post type-post status-publish format-standard has-post-thumbnail hentry category-non-categorise\" data-id=\"1011\">\r\n\t\t<div class=\"w-grid-item-h\">\r\n\t\t\t\t\t\t\t<a href=\"https:\/\/solfemmes.ch\/fr\/imi-fliegt\/\" class=\"w-grid-item-anchor\" aria-label=\"Imi fliegt\"><\/a>\r\n\t\t\t\t\t\t<div class=\"w-hwrapper usg_hwrapper_1 teaser has_text_color align_none valign_center wrap\"><div class=\"w-post-elm post_image usg_post_image_1 has_width stretched\"><img loading=\"lazy\" decoding=\"async\" width=\"347\" height=\"450\" src=\"https:\/\/solfemmes.ch\/wp-content\/uploads\/2025\/11\/cover-de.jpg\" class=\"attachment-full size-full wp-post-image\" alt=\"\" srcset=\"https:\/\/solfemmes.ch\/wp-content\/uploads\/2025\/11\/cover-de.jpg 347w, https:\/\/solfemmes.ch\/wp-content\/uploads\/2025\/11\/cover-de-231x300.jpg 231w\" sizes=\"auto, (max-width: 347px) 100vw, 347px\" \/><\/div><div class=\"w-vwrapper usg_vwrapper_1 align_none valign_top\"><time class=\"w-post-elm post_date usg_post_date_1 entry-date published\" datetime=\"2026-01-20T13:30:06+01:00\">20.01.26<\/time><h2 class=\"w-post-elm post_title usg_post_title_1 entry-title color_link_inherit\">Imi fliegt<\/h2><div class=\"w-post-elm post_content usg_post_content_1\"><p>Das Pr\u00e4ventionsprojekt \u00abImi fliegt\u00bb zeigt, wie Kinder lernen k\u00f6nnen, Hilfe zu suchen \u2013 und wie Lehrpersonen sie dabei unterst\u00fctzen k\u00f6nnen.<\/p>\n<\/div><\/div><\/div>\t\t<\/div>\r\n\t\t\t<\/article>\r\n\t<article class=\"w-grid-item size_1x1 custom-link post-745 post type-post status-publish format-standard has-post-thumbnail hentry category-non-categorise\" data-id=\"745\">\r\n\t\t<div class=\"w-grid-item-h\">\r\n\t\t\t\t\t\t\t<a href=\"https:\/\/act.campax.org\/efforts\/stop-talking-start-funding\" class=\"w-grid-item-anchor\" aria-label=\"350 millions pour la s\u00e9curit\u00e9 des femmes, maintenant !\" target=\"_blank\"><\/a>\r\n\t\t\t\t\t\t<div class=\"w-hwrapper usg_hwrapper_1 teaser has_text_color align_none valign_center wrap\"><div class=\"w-post-elm post_image usg_post_image_1 has_width stretched\"><img loading=\"lazy\" decoding=\"async\" width=\"725\" height=\"300\" src=\"https:\/\/solfemmes.ch\/wp-content\/uploads\/2025\/11\/campax-fr.webp\" class=\"attachment-full size-full wp-post-image\" alt=\"\" srcset=\"https:\/\/solfemmes.ch\/wp-content\/uploads\/2025\/11\/campax-fr.webp 725w, https:\/\/solfemmes.ch\/wp-content\/uploads\/2025\/11\/campax-fr-300x124.webp 300w\" sizes=\"auto, (max-width: 725px) 100vw, 725px\" \/><\/div><div class=\"w-vwrapper usg_vwrapper_1 align_none valign_top\"><time class=\"w-post-elm post_date usg_post_date_1 entry-date published\" datetime=\"2025-11-05T10:45:35+01:00\">5.11.25<\/time><h2 class=\"w-post-elm post_title usg_post_title_1 entry-title color_link_inherit\">350 millions pour la s\u00e9curit\u00e9 des femmes, maintenant !<\/h2><div class=\"w-post-elm post_content usg_post_content_1\"><p>Nous sommes cosignataires de la p\u00e9tition de campax et brava.<\/p>\n<p>Signez vous aussi la p\u00e9tition pour plus de mesures pour la protection des femmes et des enfants contre la violence.<\/p>\n<\/div><\/div><\/div>\t\t<\/div>\r\n\t\t\t<\/article>\r\n\t<article class=\"w-grid-item size_1x1 post-749 post type-post status-publish format-standard has-post-thumbnail hentry category-non-categorise\" data-id=\"749\">\r\n\t\t<div class=\"w-grid-item-h\">\r\n\t\t\t\t\t\t\t<a href=\"https:\/\/solfemmes.ch\/fr\/nouveau-podcast-osons-en-parler-sprich-darueber\/\" class=\"w-grid-item-anchor\" aria-label=\"Nouveau Podcast: \u00abOsons en parler\u00bb \u2013 \u00abSprich dar\u00fcber\u00bb\"><\/a>\r\n\t\t\t\t\t\t<div class=\"w-hwrapper usg_hwrapper_1 teaser has_text_color align_none valign_center wrap\"><div class=\"w-post-elm post_image usg_post_image_1 has_width stretched\"><img loading=\"lazy\" decoding=\"async\" width=\"1200\" height=\"1200\" src=\"https:\/\/solfemmes.ch\/wp-content\/uploads\/2025\/11\/1200x1200bf.webp\" class=\"attachment-full size-full wp-post-image\" alt=\"\" srcset=\"https:\/\/solfemmes.ch\/wp-content\/uploads\/2025\/11\/1200x1200bf.webp 1200w, https:\/\/solfemmes.ch\/wp-content\/uploads\/2025\/11\/1200x1200bf-300x300.webp 300w, https:\/\/solfemmes.ch\/wp-content\/uploads\/2025\/11\/1200x1200bf-1024x1024.webp 1024w, https:\/\/solfemmes.ch\/wp-content\/uploads\/2025\/11\/1200x1200bf-150x150.webp 150w\" sizes=\"auto, (max-width: 1200px) 100vw, 1200px\" \/><\/div><div class=\"w-vwrapper usg_vwrapper_1 align_none valign_top\"><time class=\"w-post-elm post_date usg_post_date_1 entry-date published\" datetime=\"2025-11-05T10:43:43+01:00\">5.11.25<\/time><h2 class=\"w-post-elm post_title usg_post_title_1 entry-title color_link_inherit\">Nouveau Podcast: \u00abOsons en parler\u00bb \u2013 \u00abSprich dar\u00fcber\u00bb<\/h2><div class=\"w-post-elm post_content usg_post_content_1\"><p>A l\u2019occasion des 30 ans de Solidarit\u00e9 femmes, nous lan\u00e7ons notre podcast \u00ab\u00a0Osons en parler\u00a0\u00bb, dans lequel une femme raconte comment elle a \u00e9t\u00e9 victime de violence domestique et la fa\u00e7on dont elle a trouv\u00e9 le chemin de la maison d&rsquo;accueil et d&rsquo;un avenir autonome sans violence.<\/p>\n<\/div><\/div><\/div>\t\t<\/div>\r\n\t\t\t<\/article>\r\n<\/div><div class=\"l-popup\">\r\n\t<div class=\"l-popup-overlay\"><\/div>\r\n\t<div class=\"l-popup-wrap\">\r\n\t\t<button class=\"l-popup-closer\" type=\"button\" aria-label=\"Fermer\"><\/button>\r\n\t\t\t\t\t<button class=\"l-popup-arrow to_prev hidden\" type=\"button\" title=\"Pr\u00e9c\u00e9dent\"><\/button>\r\n\t\t\t<button class=\"l-popup-arrow to_next hidden\" type=\"button\" title=\"Suivant\"><\/button>\r\n\t\t\t\t<div class=\"l-popup-box\">\r\n\t\t\t<div class=\"l-popup-box-content\">\r\n\t\t\t\t<div class=\"g-preloader type_1\">\r\n\t\t\t\t\t<div><\/div>\r\n\t\t\t\t<\/div>\r\n\t\t\t\t<iframe class=\"l-popup-box-content-frame\" allowfullscreen><\/iframe>\r\n\t\t\t<\/div>\r\n\t\t<\/div>\r\n\t<\/div>\r\n<\/div>\r\n<div class=\"g-loadmore\"><div class=\"g-preloader type_1\"><div><\/div><\/div><button class=\"w-btn us-btn-style_1\"><span class=\"w-btn-label\">Charger plus<\/span><\/button><\/div><div class=\"w-grid-list-json hidden\" onclick='return {&quot;max_num_pages&quot;:8,&quot;paginationBase&quot;:&quot;page&quot;,&quot;pagination&quot;:&quot;load_on_btn&quot;,&quot;paged&quot;:1,&quot;ajaxData&quot;:{&quot;action&quot;:&quot;us_ajax_post_list&quot;,&quot;meta_type&quot;:&quot;post&quot;,&quot;object_id&quot;:0,&quot;template_vars&quot;:{&quot;shortcode_base&quot;:&quot;us_post_list&quot;,&quot;paged&quot;:1,&quot;max_num_pages&quot;:8,&quot;no_results&quot;:false,&quot;us_post_content_design_css&quot;:[],&quot;found_posts&quot;:23,&quot;items_count&quot;:3,&quot;source&quot;:&quot;all&quot;,&quot;ids&quot;:&quot;&quot;,&quot;post_type&quot;:&quot;post&quot;,&quot;attachment_ids&quot;:null,&quot;include_post_thumbnail&quot;:0,&quot;post_author&quot;:&quot;any&quot;,&quot;post_author_ids&quot;:&quot;&quot;,&quot;apply_url_params&quot;:0,&quot;exclude_children&quot;:0,&quot;exclude_current_post&quot;:1,&quot;exclude_prev_posts&quot;:0,&quot;enable_items_offset&quot;:0,&quot;items_offset&quot;:&quot;1&quot;,&quot;tax_query_relation&quot;:&quot;none&quot;,&quot;tax_query&quot;:[{&quot;operator&quot;:&quot;IN&quot;,&quot;taxonomy&quot;:&quot;category&quot;,&quot;terms&quot;:&quot;&quot;,&quot;include_children&quot;:0}],&quot;meta_query_relation&quot;:&quot;none&quot;,&quot;meta_query&quot;:[{&quot;key&quot;:&quot;custom_field_name&quot;,&quot;compare&quot;:&quot;=&quot;,&quot;value&quot;:&quot;&quot;}],&quot;orderby&quot;:&quot;date&quot;,&quot;orderby_custom_field&quot;:&quot;&quot;,&quot;orderby_custom_type&quot;:0,&quot;order_invert&quot;:&quot;1&quot;,&quot;show_all&quot;:0,&quot;quantity&quot;:&quot;3&quot;,&quot;posts_per_archive_page&quot;:0,&quot;no_items_action&quot;:&quot;message&quot;,&quot;no_items_message&quot;:&quot;Aucun r\\u00e9sultat.&quot;,&quot;no_items_page_block&quot;:&quot;&quot;,&quot;pagination&quot;:&quot;load_on_btn&quot;,&quot;pagination_style&quot;:&quot;&quot;,&quot;pagination_btn_text&quot;:&quot;Charger plus&quot;,&quot;pagination_btn_size&quot;:&quot;&quot;,&quot;pagination_btn_style&quot;:&quot;1&quot;,&quot;pagination_btn_fullwidth&quot;:0,&quot;items_layout&quot;:&quot;186&quot;,&quot;type&quot;:&quot;grid&quot;,&quot;items_valign&quot;:0,&quot;ignore_items_size&quot;:0,&quot;columns&quot;:&quot;1&quot;,&quot;items_gap&quot;:&quot;1.5rem&quot;,&quot;load_animation&quot;:&quot;none&quot;,&quot;items_preload_style&quot;:&quot;spinner&quot;,&quot;img_size&quot;:&quot;default&quot;,&quot;title_size&quot;:&quot;&quot;,&quot;items_ratio&quot;:&quot;default&quot;,&quot;items_ratio_width&quot;:&quot;21&quot;,&quot;items_ratio_height&quot;:&quot;9&quot;,&quot;overriding_link&quot;:&quot;%7B%22type%22%3A%22popup_post%22%7D&quot;,&quot;popup_page_template&quot;:&quot;0&quot;,&quot;popup_width&quot;:&quot;&quot;,&quot;popup_arrows&quot;:1,&quot;breakpoint_1_width&quot;:&quot;1381px&quot;,&quot;breakpoint_1_cols&quot;:&quot;default&quot;,&quot;breakpoint_1_quantity&quot;:&quot;&quot;,&quot;breakpoint_1_gap&quot;:&quot;&quot;,&quot;breakpoint_2_width&quot;:&quot;1025px&quot;,&quot;breakpoint_2_cols&quot;:&quot;default&quot;,&quot;breakpoint_2_quantity&quot;:&quot;&quot;,&quot;breakpoint_2_gap&quot;:&quot;&quot;,&quot;breakpoint_3_width&quot;:&quot;601px&quot;,&quot;breakpoint_3_cols&quot;:&quot;1&quot;,&quot;breakpoint_3_quantity&quot;:&quot;&quot;,&quot;breakpoint_3_gap&quot;:&quot;&quot;,&quot;conditions_operator&quot;:&quot;always&quot;,&quot;conditions&quot;:[],&quot;css&quot;:null,&quot;el_class&quot;:&quot;&quot;,&quot;el_id&quot;:&quot;&quot;,&quot;enable_custom_html_atts&quot;:0,&quot;custom_html_atts&quot;:null,&quot;hide_on_states&quot;:&quot;&quot;,&quot;hide_for_sticky&quot;:0,&quot;hide_for_not_sticky&quot;:0,&quot;hide_below&quot;:&quot;0px&quot;,&quot;hide_above&quot;:&quot;0px&quot;,&quot;classes&quot;:&quot;&quot;}},&quot;facetedFilter&quot;:[]}'><\/div><\/div><\/div><\/div><\/div><\/div><\/section>\n","protected":false},"excerpt":{"rendered":"A l\u2019occasion des 30 ans de Solidarit\u00e9 femmes, nous lan\u00e7ons notre podcast \u00ab\u00a0Osons en parler\u00a0\u00bb, dans lequel une femme raconte comment elle a \u00e9t\u00e9 victime de violence domestique et la fa\u00e7on dont elle a trouv\u00e9 le chemin de la maison d&rsquo;accueil et d&rsquo;un avenir autonome sans violence. Des sp\u00e9cialistes prennent \u00e9galement la parole pour expliquer...","protected":false},"author":1,"featured_media":0,"parent":0,"menu_order":0,"comment_status":"closed","ping_status":"closed","template":"","meta":{"footnotes":""},"class_list":["post-384","page","type-page","status-publish","hentry"],"_links":{"self":[{"href":"https:\/\/solfemmes.ch\/fr\/wp-json\/wp\/v2\/pages\/384","targetHints":{"allow":["GET"]}}],"collection":[{"href":"https:\/\/solfemmes.ch\/fr\/wp-json\/wp\/v2\/pages"}],"about":[{"href":"https:\/\/solfemmes.ch\/fr\/wp-json\/wp\/v2\/types\/page"}],"author":[{"embeddable":true,"href":"https:\/\/solfemmes.ch\/fr\/wp-json\/wp\/v2\/users\/1"}],"replies":[{"embeddable":true,"href":"https:\/\/solfemmes.ch\/fr\/wp-json\/wp\/v2\/comments?post=384"}],"version-history":[{"count":17,"href":"https:\/\/solfemmes.ch\/fr\/wp-json\/wp\/v2\/pages\/384\/revisions"}],"predecessor-version":[{"id":1064,"href":"https:\/\/solfemmes.ch\/fr\/wp-json\/wp\/v2\/pages\/384\/revisions\/1064"}],"wp:attachment":[{"href":"https:\/\/solfemmes.ch\/fr\/wp-json\/wp\/v2\/media?parent=384"}],"curies":[{"name":"wp","href":"https:\/\/api.w.org\/{rel}","templated":true}]}}