{"id":513,"date":"2025-10-23T14:11:33","date_gmt":"2025-10-23T14:11:33","guid":{"rendered":"https:\/\/solfemmes.ch\/kontakt\/"},"modified":"2025-11-24T10:17:09","modified_gmt":"2025-11-24T10:17:09","slug":"contact","status":"publish","type":"page","link":"https:\/\/solfemmes.ch\/fr\/contact\/","title":{"rendered":"Contact"},"content":{"rendered":"<section class=\"l-section wpb_row height_huge\"><div class=\"l-section-h i-cf\"><div class=\"g-cols vc_row via_grid cols_1 laptops-cols_inherit tablets-cols_inherit mobiles-cols_1 valign_top type_default stacking_default\"><div class=\"wpb_column vc_column_container\"><div class=\"vc_column-inner\"><div class=\"wpb_text_column\"><div class=\"wpb_wrapper\"><h3>Adresse :<\/h3>\n<p>Centre de consultation de Solidarit\u00e9 femmes r\u00e9gion biennoise<br \/>\n12, rue du Contr\u00f4le<br \/>\n2503 Bienne<br \/>\nT\u00e9l. : <a href=\"tel:+41323220344\">032 322 03 44<\/a><br \/>\n<a href=\"mailto:info@solfemmes.ch\">info@solfemmes.ch<\/a><\/p>\n<h3 id=\"oeffnungszeiten\">Heures d&rsquo;ouverture :<\/h3>\n<p>Lundi\/mardi\/jeudi\/vendredi : 9h-12h et 14h-17h<br \/>\nMercredi : 14h-17h<br \/>\nEn dehors de nos heures d\u2019ouverture vous pouvez nous joindre au 031 533 03 03 (ligne d\u2019urgence AppElle!)<\/p>\n<h3>En cas d&rsquo;urgence :<\/h3>\n<p>police : 117<br \/>\nambulance : 144<br \/>\nservice du feu : 118<\/p>\n<h3>Dons:<\/h3>\n<p>Compte postal : 25-9042-1<\/p>\n<p>IBAN: CH04 0900 0000 2500 9042 1<\/p>\n<\/div><\/div><\/div><\/div><\/div><\/div><\/section>\n","protected":false},"excerpt":{"rendered":"Adresse : Centre de consultation de Solidarit\u00e9 femmes r\u00e9gion biennoise 12, rue du Contr\u00f4le 2503 Bienne T\u00e9l. : 032 322 03 44 info@solfemmes.ch Heures d&rsquo;ouverture : Lundi\/mardi\/jeudi\/vendredi : 9h-12h et 14h-17h Mercredi : 14h-17h En dehors de nos heures d\u2019ouverture vous pouvez nous joindre au 031 533 03 03 (ligne d\u2019urgence AppElle!) En cas d&rsquo;urgence...","protected":false},"author":1,"featured_media":515,"parent":0,"menu_order":0,"comment_status":"closed","ping_status":"closed","template":"","meta":{"footnotes":""},"class_list":["post-513","page","type-page","status-publish","has-post-thumbnail","hentry"],"_links":{"self":[{"href":"https:\/\/solfemmes.ch\/fr\/wp-json\/wp\/v2\/pages\/513","targetHints":{"allow":["GET"]}}],"collection":[{"href":"https:\/\/solfemmes.ch\/fr\/wp-json\/wp\/v2\/pages"}],"about":[{"href":"https:\/\/solfemmes.ch\/fr\/wp-json\/wp\/v2\/types\/page"}],"author":[{"embeddable":true,"href":"https:\/\/solfemmes.ch\/fr\/wp-json\/wp\/v2\/users\/1"}],"replies":[{"embeddable":true,"href":"https:\/\/solfemmes.ch\/fr\/wp-json\/wp\/v2\/comments?post=513"}],"version-history":[{"count":2,"href":"https:\/\/solfemmes.ch\/fr\/wp-json\/wp\/v2\/pages\/513\/revisions"}],"predecessor-version":[{"id":517,"href":"https:\/\/solfemmes.ch\/fr\/wp-json\/wp\/v2\/pages\/513\/revisions\/517"}],"wp:featuredmedia":[{"embeddable":true,"href":"https:\/\/solfemmes.ch\/fr\/wp-json\/wp\/v2\/media\/515"}],"wp:attachment":[{"href":"https:\/\/solfemmes.ch\/fr\/wp-json\/wp\/v2\/media?parent=513"}],"curies":[{"name":"wp","href":"https:\/\/api.w.org\/{rel}","templated":true}]}}