{"id":524,"date":"2025-10-24T07:52:58","date_gmt":"2025-10-24T07:52:58","guid":{"rendered":"https:\/\/solfemmes.ch\/prestations\/frauenhaus\/"},"modified":"2025-11-24T10:25:08","modified_gmt":"2025-11-24T10:25:08","slug":"maison-daccueil","status":"publish","type":"page","link":"https:\/\/solfemmes.ch\/fr\/prestations\/maison-daccueil\/","title":{"rendered":"Maison d&rsquo;accueil"},"content":{"rendered":"<section class=\"l-section wpb_row height_huge\"><div class=\"l-section-h i-cf\"><div class=\"g-cols vc_row via_grid cols_1 laptops-cols_inherit tablets-cols_inherit mobiles-cols_1 valign_top type_default stacking_default\"><div class=\"wpb_column vc_column_container\"><div class=\"vc_column-inner\"><div class=\"wpb_text_column\"><div class=\"wpb_wrapper\"><p>Nous y h\u00e9bergeons des femmes et des enfants touch\u00e9s par la violence domestique. Ils trouvent dans ce lieu soutien et protection ind\u00e9pendamment de leur nationalit\u00e9, de leur appartenance religieuse ou de leur statut de s\u00e9jour.<\/p>\n<p>L&rsquo;adresse de la maison d&rsquo;accueil est tenue secr\u00e8te. Une demande d&rsquo;admission ne peut se faire que par l&rsquo;int\u00e9ress\u00e9e elle-m\u00eame (en personne ou par t\u00e9l\u00e9phone). En tant que centre de consultation LAVI reconnu, nous sommes soumises au secret professionnel pr\u00e9vu par la loi.<\/p>\n<p>Le s\u00e9jour en maison d&rsquo;accueil est une solution temporaire qui permet aux femmes de prendre un peu de recul, de revoir leur situation et d&rsquo;envisager l&rsquo;avenir sous un angle diff\u00e9rent. Elles d\u00e9cident par elles-m\u00eames de la mani\u00e8re dont elles vont orienter leur vie et des d\u00e9marches qu&rsquo;elles vont entreprendre dans ce but. Nous les accompagnons dans ce processus et les aidons \u00e0 trouver des solutions concr\u00e8tes lors d&rsquo;entretiens individuels.<\/p>\n<p>Chaque femme et chaque enfant se voit attribuer une personne de r\u00e9f\u00e9rence durant son s\u00e9jour chez nous. Le travail d&rsquo;encadrement s&rsquo;effectue sur deux plans :<\/p>\n<ul>\n<li>consultations pour les femmes<\/li>\n<li>consultations pour les m\u00e8res et leurs enfants<\/li>\n<\/ul>\n<\/div><\/div><\/div><\/div><\/div><\/div><\/section>\n","protected":false},"excerpt":{"rendered":"Nous y h\u00e9bergeons des femmes et des enfants touch\u00e9s par la violence domestique. Ils trouvent dans ce lieu soutien et protection ind\u00e9pendamment de leur nationalit\u00e9, de leur appartenance religieuse ou de leur statut de s\u00e9jour. L&rsquo;adresse de la maison d&rsquo;accueil est tenue secr\u00e8te. Une demande d&rsquo;admission ne peut se faire que par l&rsquo;int\u00e9ress\u00e9e elle-m\u00eame (en...","protected":false},"author":1,"featured_media":515,"parent":518,"menu_order":1,"comment_status":"closed","ping_status":"closed","template":"","meta":{"footnotes":""},"class_list":["post-524","page","type-page","status-publish","has-post-thumbnail","hentry"],"_links":{"self":[{"href":"https:\/\/solfemmes.ch\/fr\/wp-json\/wp\/v2\/pages\/524","targetHints":{"allow":["GET"]}}],"collection":[{"href":"https:\/\/solfemmes.ch\/fr\/wp-json\/wp\/v2\/pages"}],"about":[{"href":"https:\/\/solfemmes.ch\/fr\/wp-json\/wp\/v2\/types\/page"}],"author":[{"embeddable":true,"href":"https:\/\/solfemmes.ch\/fr\/wp-json\/wp\/v2\/users\/1"}],"replies":[{"embeddable":true,"href":"https:\/\/solfemmes.ch\/fr\/wp-json\/wp\/v2\/comments?post=524"}],"version-history":[{"count":3,"href":"https:\/\/solfemmes.ch\/fr\/wp-json\/wp\/v2\/pages\/524\/revisions"}],"predecessor-version":[{"id":527,"href":"https:\/\/solfemmes.ch\/fr\/wp-json\/wp\/v2\/pages\/524\/revisions\/527"}],"up":[{"embeddable":true,"href":"https:\/\/solfemmes.ch\/fr\/wp-json\/wp\/v2\/pages\/518"}],"wp:featuredmedia":[{"embeddable":true,"href":"https:\/\/solfemmes.ch\/fr\/wp-json\/wp\/v2\/media\/515"}],"wp:attachment":[{"href":"https:\/\/solfemmes.ch\/fr\/wp-json\/wp\/v2\/media?parent=524"}],"curies":[{"name":"wp","href":"https:\/\/api.w.org\/{rel}","templated":true}]}}