{"id":533,"date":"2025-10-24T07:53:21","date_gmt":"2025-10-24T07:53:21","guid":{"rendered":"https:\/\/solfemmes.ch\/prestations\/mutter-und-kinderberatung\/"},"modified":"2025-11-24T10:29:39","modified_gmt":"2025-11-24T10:29:39","slug":"consultations-pour-les-meres-et-leurs-enfants","status":"publish","type":"page","link":"https:\/\/solfemmes.ch\/fr\/prestations\/consultations-pour-les-meres-et-leurs-enfants\/","title":{"rendered":"Consultations pour les m\u00e8res et leurs enfants"},"content":{"rendered":"<section class=\"l-section wpb_row height_huge\"><div class=\"l-section-h i-cf\"><div class=\"g-cols vc_row via_grid cols_1 laptops-cols_inherit tablets-cols_inherit mobiles-cols_1 valign_top type_default stacking_default\"><div class=\"wpb_column vc_column_container\"><div class=\"vc_column-inner\"><div class=\"wpb_text_column\"><div class=\"wpb_wrapper\"><p>Dans ce volet de notre travail, c&rsquo;est l&rsquo;enfant\u00a0qui est mis\u00a0au centre. Lorsque la violence s\u00e9vit dans une famille, les enfants en souffrent bien souvent, qu&rsquo;ils en soient victimes directes ou simples t\u00e9moins. C&rsquo;est la raison pour laquelle il est essentiel de prendre leurs besoins au s\u00e9rieux et de leur fournir le soutien n\u00e9cessaire.<\/p>\n<p>Ce que nous offrons :<\/p>\n<ul>\n<li>entretiens individuels avec les m\u00e8res et les enfants<\/li>\n<li>renforcement des comp\u00e9tences des m\u00e8res<\/li>\n<li>conseil et information juridiques<\/li>\n<li>travail en r\u00e9seau avec d&rsquo;autres institutions<\/li>\n<li>activit\u00e9s du mercredi apr\u00e8s-midi avec les enfants<\/li>\n<li>atelier de peinture<\/li>\n<li>groupe m\u00e8re-enfant.<\/li>\n<\/ul>\n<p>Au besoin, nous proposons \u00e0 la maman et\/ou \u00e0 ses enfants un suivi apr\u00e8s leur s\u00e9jour en maison d&rsquo;accueil.<\/p>\n<\/div><\/div><\/div><\/div><\/div><\/div><\/section>\n","protected":false},"excerpt":{"rendered":"Dans ce volet de notre travail, c&rsquo;est l&rsquo;enfant\u00a0qui est mis\u00a0au centre. Lorsque la violence s\u00e9vit dans une famille, les enfants en souffrent bien souvent, qu&rsquo;ils en soient victimes directes ou simples t\u00e9moins. C&rsquo;est la raison pour laquelle il est essentiel de prendre leurs besoins au s\u00e9rieux et de leur fournir le soutien n\u00e9cessaire. Ce que...","protected":false},"author":1,"featured_media":534,"parent":518,"menu_order":3,"comment_status":"closed","ping_status":"closed","template":"","meta":{"footnotes":""},"class_list":["post-533","page","type-page","status-publish","has-post-thumbnail","hentry"],"_links":{"self":[{"href":"https:\/\/solfemmes.ch\/fr\/wp-json\/wp\/v2\/pages\/533","targetHints":{"allow":["GET"]}}],"collection":[{"href":"https:\/\/solfemmes.ch\/fr\/wp-json\/wp\/v2\/pages"}],"about":[{"href":"https:\/\/solfemmes.ch\/fr\/wp-json\/wp\/v2\/types\/page"}],"author":[{"embeddable":true,"href":"https:\/\/solfemmes.ch\/fr\/wp-json\/wp\/v2\/users\/1"}],"replies":[{"embeddable":true,"href":"https:\/\/solfemmes.ch\/fr\/wp-json\/wp\/v2\/comments?post=533"}],"version-history":[{"count":2,"href":"https:\/\/solfemmes.ch\/fr\/wp-json\/wp\/v2\/pages\/533\/revisions"}],"predecessor-version":[{"id":536,"href":"https:\/\/solfemmes.ch\/fr\/wp-json\/wp\/v2\/pages\/533\/revisions\/536"}],"up":[{"embeddable":true,"href":"https:\/\/solfemmes.ch\/fr\/wp-json\/wp\/v2\/pages\/518"}],"wp:featuredmedia":[{"embeddable":true,"href":"https:\/\/solfemmes.ch\/fr\/wp-json\/wp\/v2\/media\/534"}],"wp:attachment":[{"href":"https:\/\/solfemmes.ch\/fr\/wp-json\/wp\/v2\/media?parent=533"}],"curies":[{"name":"wp","href":"https:\/\/api.w.org\/{rel}","templated":true}]}}