{"id":537,"date":"2025-10-24T07:53:32","date_gmt":"2025-10-24T07:53:32","guid":{"rendered":"https:\/\/solfemmes.ch\/prestations\/ambulante-beratungsstelle-des-frauenhauses-biel\/"},"modified":"2025-11-24T10:35:10","modified_gmt":"2025-11-24T10:35:10","slug":"centre-de-consultations-ambulatoire","status":"publish","type":"page","link":"https:\/\/solfemmes.ch\/fr\/prestations\/centre-de-consultations-ambulatoire\/","title":{"rendered":"Centre de consultations ambulatoire"},"content":{"rendered":"<section class=\"l-section wpb_row height_huge\"><div class=\"l-section-h i-cf\"><div class=\"g-cols vc_row via_grid cols_1 laptops-cols_inherit tablets-cols_inherit mobiles-cols_1 valign_top type_default stacking_default\"><div class=\"wpb_column vc_column_container\"><div class=\"vc_column-inner\"><div class=\"wpb_text_column\"><div class=\"wpb_wrapper\"><p>Notre centre de consultation ambulatoire est reconnu par le canton de Berne comme centre de consultation LAVI officiel (voir Prestations, Loi sur l&rsquo;aide aux victimes).<\/p>\n<p>Nous y offrons des entretiens ambulatoires \u00e0 toutes les femmes et les enfants qui sont victimes de violence domestique et qui :<\/p>\n<ul>\n<li>n&rsquo;ont pas besoin ou ne souhaitent pas \u00eatre h\u00e9berg\u00e9es dans l&rsquo;imm\u00e9diat<\/li>\n<li>ne peuvent ou ne veulent pas (encore) se s\u00e9parer de leur partenaire<\/li>\n<li>ont trouv\u00e9 refuge chez des connaissances, dans leur parent\u00e9 ou ailleurs<\/li>\n<li>sont d\u00e9j\u00e0 s\u00e9par\u00e9es de leur partenaire et vivent dans leur propre appartement mais continuent \u00e0 subir de la violence.<\/li>\n<\/ul>\n<p>L&rsquo;offre s&rsquo;adresse \u00e9galement aux proches des femmes violent\u00e9es, tout particuli\u00e8rement \u00e0 leurs enfants. Les entretiens sont confidentiels.<\/p>\n<\/div><\/div><\/div><\/div><\/div><\/div><\/section>\n","protected":false},"excerpt":{"rendered":"Notre centre de consultation ambulatoire est reconnu par le canton de Berne comme centre de consultation LAVI officiel (voir Prestations, Loi sur l&rsquo;aide aux victimes). Nous y offrons des entretiens ambulatoires \u00e0 toutes les femmes et les enfants qui sont victimes de violence domestique et qui : n&rsquo;ont pas besoin ou ne souhaitent pas \u00eatre...","protected":false},"author":1,"featured_media":538,"parent":518,"menu_order":4,"comment_status":"closed","ping_status":"closed","template":"","meta":{"footnotes":""},"class_list":["post-537","page","type-page","status-publish","has-post-thumbnail","hentry"],"_links":{"self":[{"href":"https:\/\/solfemmes.ch\/fr\/wp-json\/wp\/v2\/pages\/537","targetHints":{"allow":["GET"]}}],"collection":[{"href":"https:\/\/solfemmes.ch\/fr\/wp-json\/wp\/v2\/pages"}],"about":[{"href":"https:\/\/solfemmes.ch\/fr\/wp-json\/wp\/v2\/types\/page"}],"author":[{"embeddable":true,"href":"https:\/\/solfemmes.ch\/fr\/wp-json\/wp\/v2\/users\/1"}],"replies":[{"embeddable":true,"href":"https:\/\/solfemmes.ch\/fr\/wp-json\/wp\/v2\/comments?post=537"}],"version-history":[{"count":2,"href":"https:\/\/solfemmes.ch\/fr\/wp-json\/wp\/v2\/pages\/537\/revisions"}],"predecessor-version":[{"id":540,"href":"https:\/\/solfemmes.ch\/fr\/wp-json\/wp\/v2\/pages\/537\/revisions\/540"}],"up":[{"embeddable":true,"href":"https:\/\/solfemmes.ch\/fr\/wp-json\/wp\/v2\/pages\/518"}],"wp:featuredmedia":[{"embeddable":true,"href":"https:\/\/solfemmes.ch\/fr\/wp-json\/wp\/v2\/media\/538"}],"wp:attachment":[{"href":"https:\/\/solfemmes.ch\/fr\/wp-json\/wp\/v2\/media?parent=537"}],"curies":[{"name":"wp","href":"https:\/\/api.w.org\/{rel}","templated":true}]}}