{"id":541,"date":"2025-10-24T07:53:46","date_gmt":"2025-10-24T07:53:46","guid":{"rendered":"https:\/\/solfemmes.ch\/prestations\/opferhilfegesetz\/"},"modified":"2025-11-24T10:37:23","modified_gmt":"2025-11-24T10:37:23","slug":"loi-sur-laide-aux-victimes-lavi","status":"publish","type":"page","link":"https:\/\/solfemmes.ch\/fr\/prestations\/loi-sur-laide-aux-victimes-lavi\/","title":{"rendered":"Loi sur l&rsquo;aide aux victimes (LAVI)"},"content":{"rendered":"<section class=\"l-section wpb_row height_huge\"><div class=\"l-section-h i-cf\"><div class=\"g-cols vc_row via_grid cols_1 laptops-cols_inherit tablets-cols_inherit mobiles-cols_1 valign_top type_default stacking_default\"><div class=\"wpb_column vc_column_container\"><div class=\"vc_column-inner\"><div class=\"wpb_text_column\"><div class=\"wpb_wrapper\"><p>Toute personne ayant \u00e9t\u00e9 victime d&rsquo;une infraction en Suisse avec pour cons\u00e9quence une atteinte \u00e0 son int\u00e9grit\u00e9 physique, psychique ou sexuelle a droit aux prestations de la LAVI. Il en va de m\u00eame pour les proches de la victime.<\/p>\n<p>Ces prestations comprennent:<\/p>\n<ul>\n<li>consultations<\/li>\n<\/ul>\n<p>En Suisse, des centres sp\u00e9cialis\u00e9s comme le n\u00f4tre conseillent et accompagnent les victimes et leurs proches. Les entretiens visent en tout premier lieu \u00e0 faire valoir les droits de la victime et \u00e0 aider cette derni\u00e8re \u00e0 surmonter le traumatisme de la violence subie. Le choix du centre est libre et les consultations gratuites. Les collaboratrices sont soumises \u00e0 un secret professionnel tr\u00e8s strict.<\/p>\n<ul>\n<li>aide imm\u00e9diate et aide \u00e0 plus long terme<\/li>\n<\/ul>\n<p>L&rsquo;aide dite \u00ab imm\u00e9diate \u00bb couvre les besoins les plus urgents apr\u00e8s une infraction, qui peuvent \u00eatre d&rsquo;ordre m\u00e9dical, psychologique, social ou juridique. Un h\u00e9bergement d&rsquo;urgence en fait \u00e9galement partie. Pour ce qui est de l&rsquo;aide \u00e0 plus long terme en revanche, on tiendra compte du revenu de la victime.<\/p>\n<ul>\n<li>indemnisation et r\u00e9paration pour tort moral<\/li>\n<\/ul>\n<p>En principe, c&rsquo;est l&rsquo;auteur de l&rsquo;agression qui assume le co\u00fbt des dommages caus\u00e9s. Mais lorsqu&rsquo;il n&rsquo;est pas en mesure de le faire, la LAVI prend ces frais en charge \u00e0 certaines conditions. L&rsquo;essentiel est d&rsquo;en faire la demande au plus tard cinq ans \u00e0 partir de la date de l&rsquo;infraction. Pass\u00e9 ce d\u00e9lai, on ne peut plus pr\u00e9tendre aux prestations.<\/p>\n<\/div><\/div><\/div><\/div><\/div><\/div><\/section>\n","protected":false},"excerpt":{"rendered":"Toute personne ayant \u00e9t\u00e9 victime d&rsquo;une infraction en Suisse avec pour cons\u00e9quence une atteinte \u00e0 son int\u00e9grit\u00e9 physique, psychique ou sexuelle a droit aux prestations de la LAVI. Il en va de m\u00eame pour les proches de la victime. Ces prestations comprennent: consultations En Suisse, des centres sp\u00e9cialis\u00e9s comme le n\u00f4tre conseillent et accompagnent les...","protected":false},"author":1,"featured_media":542,"parent":518,"menu_order":5,"comment_status":"closed","ping_status":"closed","template":"","meta":{"footnotes":""},"class_list":["post-541","page","type-page","status-publish","has-post-thumbnail","hentry"],"_links":{"self":[{"href":"https:\/\/solfemmes.ch\/fr\/wp-json\/wp\/v2\/pages\/541","targetHints":{"allow":["GET"]}}],"collection":[{"href":"https:\/\/solfemmes.ch\/fr\/wp-json\/wp\/v2\/pages"}],"about":[{"href":"https:\/\/solfemmes.ch\/fr\/wp-json\/wp\/v2\/types\/page"}],"author":[{"embeddable":true,"href":"https:\/\/solfemmes.ch\/fr\/wp-json\/wp\/v2\/users\/1"}],"replies":[{"embeddable":true,"href":"https:\/\/solfemmes.ch\/fr\/wp-json\/wp\/v2\/comments?post=541"}],"version-history":[{"count":2,"href":"https:\/\/solfemmes.ch\/fr\/wp-json\/wp\/v2\/pages\/541\/revisions"}],"predecessor-version":[{"id":544,"href":"https:\/\/solfemmes.ch\/fr\/wp-json\/wp\/v2\/pages\/541\/revisions\/544"}],"up":[{"embeddable":true,"href":"https:\/\/solfemmes.ch\/fr\/wp-json\/wp\/v2\/pages\/518"}],"wp:featuredmedia":[{"embeddable":true,"href":"https:\/\/solfemmes.ch\/fr\/wp-json\/wp\/v2\/media\/542"}],"wp:attachment":[{"href":"https:\/\/solfemmes.ch\/fr\/wp-json\/wp\/v2\/media?parent=541"}],"curies":[{"name":"wp","href":"https:\/\/api.w.org\/{rel}","templated":true}]}}