{"id":545,"date":"2025-10-24T07:54:03","date_gmt":"2025-10-24T07:54:03","guid":{"rendered":"https:\/\/solfemmes.ch\/prestations\/krisenintervention\/"},"modified":"2025-11-24T10:41:15","modified_gmt":"2025-11-24T10:41:15","slug":"intervention-de-crise","status":"publish","type":"page","link":"https:\/\/solfemmes.ch\/fr\/prestations\/intervention-de-crise\/","title":{"rendered":"Intervention de crise"},"content":{"rendered":"<section class=\"l-section wpb_row height_huge\"><div class=\"l-section-h i-cf\"><div class=\"g-cols vc_row via_grid cols_1 laptops-cols_inherit tablets-cols_inherit mobiles-cols_1 valign_top type_default stacking_default\"><div class=\"wpb_column vc_column_container\"><div class=\"vc_column-inner\"><div class=\"wpb_text_column\"><div class=\"wpb_wrapper\"><p>Le centre de consultation et la maison d&rsquo;accueil sont tous deux des services d&rsquo;intervention de crise. Les femmes qui ont besoin d&rsquo;\u00eatre prot\u00e9g\u00e9es et log\u00e9es en urgence peuvent nous contacter au num\u00e9ro <a href=\"tel:+41323220344\" target=\"_blank\" rel=\"noopener\">032 322 03 44<\/a>. C&rsquo;est la personne elle-m\u00eame qui doit appeler. Nous ne proc\u00e9dons \u00e0 aucune admission \u00e0 la demande de tiers, qu&rsquo;il s&rsquo;agisse de proches de la victime ou d&rsquo;institutions.<\/p>\n<p>Au t\u00e9l\u00e9phone, nous demandons \u00e0 la femme de nous d\u00e9crire bri\u00e8vement sa situation. Si elle se trouve en danger ou si elle est l&rsquo;objet de menaces, nous organisons imm\u00e9diatement son admission et sa protection.<\/p>\n<p>En dehors des heures o\u00f9 nous sommes joignables par t\u00e9l\u00e9phone, voici quels services appeler :<\/p>\n<ul>\n<li>Police : t\u00e9l. 117<\/li>\n<li>M\u00e9decin ou psychiatre de garde<\/li>\n<li>Main tendue : t\u00e9l. 143<\/li>\n<\/ul>\n<\/div><\/div><\/div><\/div><\/div><\/div><\/section>\n","protected":false},"excerpt":{"rendered":"Le centre de consultation et la maison d&rsquo;accueil sont tous deux des services d&rsquo;intervention de crise. Les femmes qui ont besoin d&rsquo;\u00eatre prot\u00e9g\u00e9es et log\u00e9es en urgence peuvent nous contacter au num\u00e9ro 032 322 03 44. C&rsquo;est la personne elle-m\u00eame qui doit appeler. Nous ne proc\u00e9dons \u00e0 aucune admission \u00e0 la demande de tiers, qu&rsquo;il...","protected":false},"author":1,"featured_media":546,"parent":518,"menu_order":6,"comment_status":"closed","ping_status":"closed","template":"","meta":{"footnotes":""},"class_list":["post-545","page","type-page","status-publish","has-post-thumbnail","hentry"],"_links":{"self":[{"href":"https:\/\/solfemmes.ch\/fr\/wp-json\/wp\/v2\/pages\/545","targetHints":{"allow":["GET"]}}],"collection":[{"href":"https:\/\/solfemmes.ch\/fr\/wp-json\/wp\/v2\/pages"}],"about":[{"href":"https:\/\/solfemmes.ch\/fr\/wp-json\/wp\/v2\/types\/page"}],"author":[{"embeddable":true,"href":"https:\/\/solfemmes.ch\/fr\/wp-json\/wp\/v2\/users\/1"}],"replies":[{"embeddable":true,"href":"https:\/\/solfemmes.ch\/fr\/wp-json\/wp\/v2\/comments?post=545"}],"version-history":[{"count":3,"href":"https:\/\/solfemmes.ch\/fr\/wp-json\/wp\/v2\/pages\/545\/revisions"}],"predecessor-version":[{"id":549,"href":"https:\/\/solfemmes.ch\/fr\/wp-json\/wp\/v2\/pages\/545\/revisions\/549"}],"up":[{"embeddable":true,"href":"https:\/\/solfemmes.ch\/fr\/wp-json\/wp\/v2\/pages\/518"}],"wp:featuredmedia":[{"embeddable":true,"href":"https:\/\/solfemmes.ch\/fr\/wp-json\/wp\/v2\/media\/546"}],"wp:attachment":[{"href":"https:\/\/solfemmes.ch\/fr\/wp-json\/wp\/v2\/media?parent=545"}],"curies":[{"name":"wp","href":"https:\/\/api.w.org\/{rel}","templated":true}]}}