{"id":554,"date":"2025-10-24T07:54:30","date_gmt":"2025-10-24T07:54:30","guid":{"rendered":"https:\/\/solfemmes.ch\/themes\/haeusliche-gewalt\/"},"modified":"2025-11-24T10:53:26","modified_gmt":"2025-11-24T10:53:26","slug":"violence-domestique","status":"publish","type":"page","link":"https:\/\/solfemmes.ch\/fr\/themes\/violence-domestique\/","title":{"rendered":"Violence domestique"},"content":{"rendered":"<section class=\"l-section wpb_row height_huge\"><div class=\"l-section-h i-cf\"><div class=\"g-cols vc_row via_grid cols_1 laptops-cols_inherit tablets-cols_inherit mobiles-cols_1 valign_top type_default stacking_default\"><div class=\"wpb_column vc_column_container\"><div class=\"vc_column-inner\"><div class=\"wpb_text_column\"><div class=\"wpb_wrapper\"><h2>D\u00e9finition<\/h2>\n<p>On parle de violence domestique lorsque des personnes subissent des atteintes \u00e0 leur int\u00e9grit\u00e9 physique, psychique ou sexuelle dans le cadre d&rsquo;une relation, qu&rsquo;elle soit encore actuelle ou qu&rsquo;elle ait pris fin, qu&rsquo;elle soit de type familial ou de couple (sous toutes ses versions possibles).<\/p>\n<h2>Formes de la violence<\/h2>\n<p>La violence verbale et psychique est souvent difficile \u00e0 identifier de l&rsquo;ext\u00e9rieur. Elle se manifeste entre autres par :<\/p>\n<ul>\n<li>des injures, des humiliations, du harc\u00e8lement<\/li>\n<li>une volont\u00e9 de contr\u00f4ler, d&rsquo;isoler<\/li>\n<li>des menaces.<\/li>\n<\/ul>\n<p>La violence physique blesse la femme dans son int\u00e9grit\u00e9 corporelle et laisse souvent des traces visibles. Elle peut consister \u00e0 :<\/p>\n<ul>\n<li>frapper, \u00e9trangler<\/li>\n<li>jeter des objets sur la victime, lui tirer les cheveux<\/li>\n<li>infliger des br\u00fblures, menacer avec une arme<\/li>\n<\/ul>\n<p>La violence sexuelle impose par la force ou les menaces une relation sexuelle non d\u00e9sir\u00e9e. Il peut s&rsquo;agir de :<\/p>\n<ul>\n<li>contrainte \u00e0 des actes sexuels<\/li>\n<li>harc\u00e8lement sexuel<\/li>\n<li>viol<\/li>\n<\/ul>\n<p>Le stalking s&rsquo;\u00e9tale en g\u00e9n\u00e9ral sur une p\u00e9riode assez longue et peut se manifester par :<\/p>\n<ul>\n<li>du harc\u00e8lement par SMS, courriel, t\u00e9l\u00e9phone ou tout autre moyen de communication non d\u00e9sir\u00e9<\/li>\n<li>le fait de guetter la victime devant chez elle ou \u00e0 son travail, de la suivre, de l&rsquo;\u00e9pier<\/li>\n<li>le fait d&rsquo;interroger \u00e0 son sujet les voisins, les connaissances, etc.<\/li>\n<\/ul>\n<p>La violence \u00e9conomique est \u00e9galement difficile \u00e0 identifier de l&rsquo;ext\u00e9rieur. Elle recouvre les comportements suivants :<\/p>\n<ul>\n<li>ne pas donner d&rsquo;argent de poche ni pour les besoins du m\u00e9nage, ou insuffisamment<\/li>\n<li>interdire de travailler ou au contraire obliger \u00e0 prendre un emploi pour ensuite en confisquer le salaire.<\/li>\n<\/ul>\n<h2>Effets de la violence sur les victimes<\/h2>\n<p>La violence domestique ne tarde pas \u00e0 laisser des traces bien r\u00e9elles sur le plan physique, psychique, psychosomatique et social. Les femmes qui en sont victimes souffrent tr\u00e8s souvent de s\u00e9quelles au niveau de leur corps, telles que :<\/p>\n<ul>\n<li>contusions<\/li>\n<li>fractures ou autres blessures.<\/li>\n<\/ul>\n<p>La violence v\u00e9cue a des r\u00e9percussions sur la sant\u00e9 psychique. Les sympt\u00f4mes psychiques ou psychosomatiques de la violence peuvent \u00eatre :<\/p>\n<ul>\n<li>troubles du sommeil<\/li>\n<li>nervosit\u00e9, troubles de la concentration et de la m\u00e9moire<\/li>\n<li>anxi\u00e9t\u00e9, angoisse, crises de panique<\/li>\n<li>d\u00e9pression\/tristesse<\/li>\n<li>maux de t\u00eate<\/li>\n<li>troubles de l&rsquo;alimentation, perte d&rsquo;app\u00e9tit.<\/li>\n<\/ul>\n<p>Sur ces s\u00e9quelles physiques et psychiques viennent souvent se greffer des difficult\u00e9s socials. De nombreuses victimes ont honte des violences subies et n&rsquo;osent pas en parler, ce qui\u00a0peut avoir\u00a0pour cons\u00e9quence un repli sur soi de plus en plus prononc\u00e9.<\/p>\n<\/div><\/div><\/div><\/div><\/div><\/div><\/section>\n","protected":false},"excerpt":{"rendered":"D\u00e9finition On parle de violence domestique lorsque des personnes subissent des atteintes \u00e0 leur int\u00e9grit\u00e9 physique, psychique ou sexuelle dans le cadre d&rsquo;une relation, qu&rsquo;elle soit encore actuelle ou qu&rsquo;elle ait pris fin, qu&rsquo;elle soit de type familial ou de couple (sous toutes ses versions possibles). Formes de la violence La violence verbale et psychique...","protected":false},"author":1,"featured_media":555,"parent":550,"menu_order":0,"comment_status":"closed","ping_status":"closed","template":"","meta":{"footnotes":""},"class_list":["post-554","page","type-page","status-publish","has-post-thumbnail","hentry"],"_links":{"self":[{"href":"https:\/\/solfemmes.ch\/fr\/wp-json\/wp\/v2\/pages\/554","targetHints":{"allow":["GET"]}}],"collection":[{"href":"https:\/\/solfemmes.ch\/fr\/wp-json\/wp\/v2\/pages"}],"about":[{"href":"https:\/\/solfemmes.ch\/fr\/wp-json\/wp\/v2\/types\/page"}],"author":[{"embeddable":true,"href":"https:\/\/solfemmes.ch\/fr\/wp-json\/wp\/v2\/users\/1"}],"replies":[{"embeddable":true,"href":"https:\/\/solfemmes.ch\/fr\/wp-json\/wp\/v2\/comments?post=554"}],"version-history":[{"count":3,"href":"https:\/\/solfemmes.ch\/fr\/wp-json\/wp\/v2\/pages\/554\/revisions"}],"predecessor-version":[{"id":558,"href":"https:\/\/solfemmes.ch\/fr\/wp-json\/wp\/v2\/pages\/554\/revisions\/558"}],"up":[{"embeddable":true,"href":"https:\/\/solfemmes.ch\/fr\/wp-json\/wp\/v2\/pages\/550"}],"wp:featuredmedia":[{"embeddable":true,"href":"https:\/\/solfemmes.ch\/fr\/wp-json\/wp\/v2\/media\/555"}],"wp:attachment":[{"href":"https:\/\/solfemmes.ch\/fr\/wp-json\/wp\/v2\/media?parent=554"}],"curies":[{"name":"wp","href":"https:\/\/api.w.org\/{rel}","templated":true}]}}