{"id":605,"date":"2025-10-24T07:57:29","date_gmt":"2025-10-24T07:57:29","guid":{"rendered":"https:\/\/solfemmes.ch\/projets\/jen-parle\/"},"modified":"2025-11-24T11:56:04","modified_gmt":"2025-11-24T11:56:04","slug":"jen-parle","status":"publish","type":"page","link":"https:\/\/solfemmes.ch\/fr\/projets\/jen-parle\/","title":{"rendered":"J\u2019en parle"},"content":{"rendered":"<section class=\"l-section wpb_row height_huge\"><div class=\"l-section-h i-cf\"><div class=\"g-cols vc_row via_grid cols_2 laptops-cols_inherit tablets-cols_inherit mobiles-cols_1 valign_top type_default stacking_default\"><div class=\"wpb_column vc_column_container\"><div class=\"vc_column-inner\"><div class=\"wpb_text_column\"><div class=\"wpb_wrapper\"><h2>Info-rencontres, IR, \u00ab j\u2019en parle \u00bb<\/h2>\n<p>Le projet commun d\u2019effe et Solidarit\u00e9 femme des info-rencontres sur la violence domestique vise \u00e0 informer la population migrante ou r\u00e9fugi\u00e9e sur le cadre l\u00e9gal en mati\u00e8re de violences domestique et de pr\u00e9senter les diff\u00e9rents services d\u2019aide existant dans la r\u00e9gion. Le partage et l\u2019information sont au c\u0153ur de ces rencontres. Les tabous li\u00e9s aux violences conjugales sont abord\u00e9s avec doigt\u00e9 tout en pr\u00e9sentant de mani\u00e8re claire la loi suisse.<\/p>\n<p>Nous offrons des tables rondes dans les diff\u00e9rentes langues du monde : arabe, espagnol, tigrinya, perse (dari\/farsi), fran\u00e7ais, allemand portugais, etc.<\/p>\n<p>Connaissez-vous des personnes qui pourraient \u00eatre int\u00e9ress\u00e9es \u00e0 participer \u00e0 une telle info-rencontre, ou souhaiteriez-vous en organiser une au sein de votre institution ? Alors n&rsquo;h\u00e9sitez pas \u00e0 nous contacter \u2013 nous organiserons une rencontre adapt\u00e9e \u00e0 vos besoins.<\/p>\n<p>Vous trouvez plus d\u2019informations sur www.effe.ch ou www.solfemmes.ch<\/p>\n<h3>Responsables de projet<\/h3>\n<p>Manuela H\u00e9e, effe<br \/>\n032 322 66 02<br \/>\nSolidarit\u00e9 femmes<br \/>\n032 322 03 44<\/p>\n<\/div><\/div><\/div><\/div><div class=\"wpb_column vc_column_container\"><div class=\"vc_column-inner\"><div class=\"w-image align_none\"><div class=\"w-image-h\"><img decoding=\"async\" width=\"758\" height=\"533\" src=\"https:\/\/solfemmes.ch\/wp-content\/uploads\/2025\/11\/jenparle.png\" class=\"attachment-large size-large\" alt=\"\" loading=\"lazy\" srcset=\"https:\/\/solfemmes.ch\/wp-content\/uploads\/2025\/11\/jenparle.png 758w, https:\/\/solfemmes.ch\/wp-content\/uploads\/2025\/11\/jenparle-300x211.png 300w\" sizes=\"auto, (max-width: 758px) 100vw, 758px\" \/><\/div><\/div><\/div><\/div><\/div><\/div><\/section>\n","protected":false},"excerpt":{"rendered":"Info-rencontres, IR, \u00ab j\u2019en parle \u00bb Le projet commun d\u2019effe et Solidarit\u00e9 femme des info-rencontres sur la violence domestique vise \u00e0 informer la population migrante ou r\u00e9fugi\u00e9e sur le cadre l\u00e9gal en mati\u00e8re de violences domestique et de pr\u00e9senter les diff\u00e9rents services d\u2019aide existant dans la r\u00e9gion. Le partage et l\u2019information sont au c\u0153ur de...","protected":false},"author":1,"featured_media":607,"parent":584,"menu_order":0,"comment_status":"closed","ping_status":"closed","template":"","meta":{"footnotes":""},"class_list":["post-605","page","type-page","status-publish","has-post-thumbnail","hentry"],"_links":{"self":[{"href":"https:\/\/solfemmes.ch\/fr\/wp-json\/wp\/v2\/pages\/605","targetHints":{"allow":["GET"]}}],"collection":[{"href":"https:\/\/solfemmes.ch\/fr\/wp-json\/wp\/v2\/pages"}],"about":[{"href":"https:\/\/solfemmes.ch\/fr\/wp-json\/wp\/v2\/types\/page"}],"author":[{"embeddable":true,"href":"https:\/\/solfemmes.ch\/fr\/wp-json\/wp\/v2\/users\/1"}],"replies":[{"embeddable":true,"href":"https:\/\/solfemmes.ch\/fr\/wp-json\/wp\/v2\/comments?post=605"}],"version-history":[{"count":2,"href":"https:\/\/solfemmes.ch\/fr\/wp-json\/wp\/v2\/pages\/605\/revisions"}],"predecessor-version":[{"id":609,"href":"https:\/\/solfemmes.ch\/fr\/wp-json\/wp\/v2\/pages\/605\/revisions\/609"}],"up":[{"embeddable":true,"href":"https:\/\/solfemmes.ch\/fr\/wp-json\/wp\/v2\/pages\/584"}],"wp:featuredmedia":[{"embeddable":true,"href":"https:\/\/solfemmes.ch\/fr\/wp-json\/wp\/v2\/media\/607"}],"wp:attachment":[{"href":"https:\/\/solfemmes.ch\/fr\/wp-json\/wp\/v2\/media?parent=605"}],"curies":[{"name":"wp","href":"https:\/\/api.w.org\/{rel}","templated":true}]}}