{"id":614,"date":"2025-10-23T14:12:43","date_gmt":"2025-10-23T14:12:43","guid":{"rendered":"https:\/\/solfemmes.ch\/notfallplan\/"},"modified":"2025-11-24T12:02:47","modified_gmt":"2025-11-24T12:02:47","slug":"plan-durgence","status":"publish","type":"page","link":"https:\/\/solfemmes.ch\/fr\/plan-durgence\/","title":{"rendered":"Plan d&rsquo;urgence"},"content":{"rendered":"<section class=\"l-section wpb_row height_huge\"><div class=\"l-section-h i-cf\"><div class=\"g-cols vc_row via_grid cols_1 laptops-cols_inherit tablets-cols_inherit mobiles-cols_1 valign_top type_default stacking_default\"><div class=\"wpb_column vc_column_container\"><div class=\"vc_column-inner\"><div class=\"wpb_text_column\"><div class=\"wpb_wrapper\"><h2>En cas d&rsquo;urgence<\/h2>\n<p>Il pourra s&rsquo;av\u00e9rer tr\u00e8s utile, si votre partenaire est violent, de vous pr\u00e9parer \u00e0 une urgence \u00e9ventuelle. De cette mani\u00e8re, vous arriverez mieux \u00e0 vous prot\u00e9ger et \u00e0 prot\u00e9ger \u00e9galement vos enfants.<\/p>\n<p><strong>Voici quelques conseils :<\/strong><\/p>\n<ul>\n<li>Enregistrez les num\u00e9ros importants comme ceux de la police (117), de l&rsquo;ambulance (144), d&rsquo;une maison d&rsquo;accueil ou d&rsquo;un centre de consultation de Solidarit\u00e9 femmes (pour Bienne : <a href=\"tel:+41323220344\" target=\"_blank\" rel=\"noopener\">032 322 03 44<\/a>).<\/li>\n<li>Confiez-vous \u00e0 une amie ou \u00e0 une voisine. Vous pourrez peut-\u00eatre vous r\u00e9fugier chez elle en cas de crise.<\/li>\n<li>Pr\u00e9parez un petit bagage avec vos effets personnels et ceux de vos enfants, vos papiers (carte d&rsquo;identit\u00e9, permis de s\u00e9jour, passeport et autres), votre carte bancaire, les jouets pr\u00e9f\u00e9r\u00e9s des enfants, de l&rsquo;argent liquide, etc.<\/li>\n<li>Ecoutez votre intuition et partez avec vos enfants d\u00e8s que vous sentez monter la tension.<\/li>\n<li>N&rsquo;attendez pas que la situation s&rsquo;aggrave mais appelez la police (117) aux premiers signes de violence.<\/li>\n<li>R\u00e9fugiez-vous dans une maison d&rsquo;accueil de Solidarit\u00e9 femmes ou dans tout autre endroit s\u00fbr.<\/li>\n<li>Vous serez peut-\u00eatre oblig\u00e9e de partir pr\u00e9cipitamment sans pouvoir emporter de bagages. Dans ce cas, nous vous aiderons \u00e0 r\u00e9cup\u00e9rer vos affaires sous la protection de S\u00e9curitas ou de la police.<\/li>\n<\/ul>\n<\/div><\/div><\/div><\/div><\/div><\/div><\/section>\n","protected":false},"excerpt":{"rendered":"En cas d&rsquo;urgence Il pourra s&rsquo;av\u00e9rer tr\u00e8s utile, si votre partenaire est violent, de vous pr\u00e9parer \u00e0 une urgence \u00e9ventuelle. De cette mani\u00e8re, vous arriverez mieux \u00e0 vous prot\u00e9ger et \u00e0 prot\u00e9ger \u00e9galement vos enfants. Voici quelques conseils : Enregistrez les num\u00e9ros importants comme ceux de la police (117), de l&rsquo;ambulance (144), d&rsquo;une maison d&rsquo;accueil...","protected":false},"author":1,"featured_media":615,"parent":0,"menu_order":0,"comment_status":"closed","ping_status":"closed","template":"","meta":{"footnotes":""},"class_list":["post-614","page","type-page","status-publish","has-post-thumbnail","hentry"],"_links":{"self":[{"href":"https:\/\/solfemmes.ch\/fr\/wp-json\/wp\/v2\/pages\/614","targetHints":{"allow":["GET"]}}],"collection":[{"href":"https:\/\/solfemmes.ch\/fr\/wp-json\/wp\/v2\/pages"}],"about":[{"href":"https:\/\/solfemmes.ch\/fr\/wp-json\/wp\/v2\/types\/page"}],"author":[{"embeddable":true,"href":"https:\/\/solfemmes.ch\/fr\/wp-json\/wp\/v2\/users\/1"}],"replies":[{"embeddable":true,"href":"https:\/\/solfemmes.ch\/fr\/wp-json\/wp\/v2\/comments?post=614"}],"version-history":[{"count":2,"href":"https:\/\/solfemmes.ch\/fr\/wp-json\/wp\/v2\/pages\/614\/revisions"}],"predecessor-version":[{"id":617,"href":"https:\/\/solfemmes.ch\/fr\/wp-json\/wp\/v2\/pages\/614\/revisions\/617"}],"wp:featuredmedia":[{"embeddable":true,"href":"https:\/\/solfemmes.ch\/fr\/wp-json\/wp\/v2\/media\/615"}],"wp:attachment":[{"href":"https:\/\/solfemmes.ch\/fr\/wp-json\/wp\/v2\/media?parent=614"}],"curies":[{"name":"wp","href":"https:\/\/api.w.org\/{rel}","templated":true}]}}