{"id":643,"date":"2025-10-24T07:58:48","date_gmt":"2025-10-24T07:58:48","guid":{"rendered":"https:\/\/solfemmes.ch\/association\/impressum-und-datenschutz\/"},"modified":"2025-11-24T12:28:14","modified_gmt":"2025-11-24T12:28:14","slug":"mentions-legales-et-protection-des-donnees","status":"publish","type":"page","link":"https:\/\/solfemmes.ch\/fr\/association\/mentions-legales-et-protection-des-donnees\/","title":{"rendered":"Mentions l\u00e9gales et protection des donn\u00e9es"},"content":{"rendered":"<section class=\"l-section wpb_row height_huge\"><div class=\"l-section-h i-cf\"><div class=\"g-cols vc_row via_grid cols_1 laptops-cols_inherit tablets-cols_inherit mobiles-cols_1 valign_top type_default stacking_default\"><div class=\"wpb_column vc_column_container\"><div class=\"vc_column-inner\"><div class=\"wpb_text_column\"><div class=\"wpb_wrapper\"><h2>Responsable du contenu de ce site et de la protection des donn\u00e9es<\/h2>\n<p>Manuela Schild<br \/>\nKontrollstrasse 12<br \/>\n2503 Biel<br \/>\n<a href=\"mailto:schild@solfemmes.ch\">schild@solfemmes.ch<\/a><\/p>\n<p>Le site a \u00e9t\u00e9 cr\u00e9\u00e9 par <a href=\"https:\/\/marscom.ch\" target=\"_blank\" rel=\"noopener\">marscom.ch<\/a><\/p>\n<p>L&rsquo;h\u00e9bergement est assur\u00e9 par <a href=\"https:\/\/hoststar.ch\" target=\"_blank\" rel=\"noopener\">hoststar.ch<\/a><\/p>\n<h2>Remarque g\u00e9n\u00e9rale<\/h2>\n<p>En vertu de l&rsquo;article 13 de la Constitution f\u00e9d\u00e9rale suisse et des dispositions f\u00e9d\u00e9rales relatives \u00e0 la protection des donn\u00e9es (loi sur la protection des donn\u00e9es, LPD), toute personne a droit \u00e0 la protection de sa sph\u00e8re priv\u00e9e ainsi qu&rsquo;\u00e0 la protection contre l&#8217;emploi abusif de ses donn\u00e9es personnelles. Les exploitants de ces pages prennent la protection de vos donn\u00e9es personnelles tr\u00e8s au s\u00e9rieux. Nous traitons vos donn\u00e9es personnelles de mani\u00e8re confidentielle et conform\u00e9ment aux dispositions l\u00e9gales en mati\u00e8re de protection des donn\u00e9es ainsi qu&rsquo;\u00e0 la pr\u00e9sente d\u00e9claration de protection des donn\u00e9es.<\/p>\n<p>En collaboration avec nos fournisseurs d&rsquo;h\u00e9bergement, nous nous effor\u00e7ons de prot\u00e9ger autant que possible les bases de donn\u00e9es contre les acc\u00e8s \u00e9trangers, les pertes, les abus ou les falsifications.<\/p>\n<p>Nous attirons votre attention sur le fait que la transmission de donn\u00e9es sur Internet (par ex. lors de la communication par e-mail) peut pr\u00e9senter des failles de s\u00e9curit\u00e9. Une protection compl\u00e8te des donn\u00e9es contre l&rsquo;acc\u00e8s par des tiers n&rsquo;est pas possible.<\/p>\n<p>En utilisant ce site web, vous acceptez la collecte, le traitement et l&rsquo;utilisation des donn\u00e9es conform\u00e9ment \u00e0 la description ci-dessous. Ce site web peut en principe \u00eatre visit\u00e9 sans enregistrement. Des donn\u00e9es telles que les pages appel\u00e9es ou le nom du fichier consult\u00e9, la date et l&rsquo;heure sont enregistr\u00e9es sur le serveur \u00e0 des fins statistiques, sans que ces donn\u00e9es ne soient directement li\u00e9es \u00e0 votre personne. Les donn\u00e9es personnelles, en particulier le nom, l&rsquo;adresse ou l&rsquo;adresse e-mail, sont collect\u00e9es, dans la mesure du possible, sur une base volontaire. Sans votre consentement, ces donn\u00e9es ne sont pas transmises \u00e0 des tiers.<\/p>\n<h2>D\u00e9claration de protection des donn\u00e9es pour les cookies<\/h2>\n<p>Ce site web utilise des cookies. Il s&rsquo;agit de petits fichiers texte qui permettent d&rsquo;enregistrer sur le terminal de l&rsquo;utilisateur des informations sp\u00e9cifiques \u00e0 ce dernier lorsqu&rsquo;il utilise le site web. Les cookies permettent notamment de d\u00e9terminer la fr\u00e9quence d&rsquo;utilisation et le nombre d&rsquo;utilisateurs des pages, d&rsquo;analyser les comportements d&rsquo;utilisation des pages, mais aussi de concevoir notre offre de mani\u00e8re plus conviviale. Les cookies restent enregistr\u00e9s apr\u00e8s la fin d&rsquo;une session de navigation et peuvent \u00eatre consult\u00e9s lors d&rsquo;une nouvelle visite du site. Si vous ne le souhaitez pas, vous devez configurer votre navigateur Internet de mani\u00e8re \u00e0 ce qu&rsquo;il refuse les cookies.<\/p>\n<p>Une opposition g\u00e9n\u00e9rale \u00e0 l&rsquo;utilisation de cookies \u00e0 des fins de marketing en ligne peut \u00eatre d\u00e9clar\u00e9e pour un grand nombre de services, surtout dans le cas du tracking, via le site am\u00e9ricain <a href=\"http:\/\/www.aboutads.info\/choices\/\">http:\/\/www.aboutads.info\/choices\/<\/a> ou le site de l&rsquo;UE <a href=\"http:\/\/www.youronlinechoices.com\/.\">http:\/\/www.youronlinechoices.com\/.<\/a> En outre, il est possible d&#8217;emp\u00eacher l&rsquo;enregistrement de cookies en les d\u00e9sactivant dans les param\u00e8tres du navigateur. Veuillez noter que dans ce cas, il se peut que vous ne puissiez pas utiliser toutes les fonctions de cette offre en ligne.<\/p>\n<h2>D\u00e9claration de protection des donn\u00e9es pour le cryptage SSL\/TLS<\/h2>\n<p>Ce site Internet utilise un cryptage SSL\/TLS pour des raisons de s\u00e9curit\u00e9 et pour prot\u00e9ger la transmission de contenus confidentiels, comme par exemple les demandes que vous nous envoyez en tant qu&rsquo;exploitant du site. Vous reconnaissez une connexion crypt\u00e9e au fait que la ligne d&rsquo;adresse du navigateur passe de \u00ab\u00a0http:\/\/\u00a0\u00bb \u00e0 \u00ab\u00a0https:\/\/\u00a0\u00bb et au symbole du cadenas dans la ligne de votre navigateur.<\/p>\n<p>Si le cryptage SSL ou TLS est activ\u00e9, les donn\u00e9es que vous nous transmettez ne peuvent pas \u00eatre lues par des tiers.<\/p>\n<h2>Utilisation de Google Analytics<\/h2>\n<p>Nous utilisons Google Analytics pour analyser l&rsquo;utilisation du site web. Les donn\u00e9es ainsi obtenues sont utilis\u00e9es pour optimiser notre site web ainsi que les mesures publicitaires.<\/p>\n<p>Google Analytics nous est fourni par Google Ireland Limited (Gordon House, Barrow Street, Dublin 4, Irlande). Google traite les donn\u00e9es relatives \u00e0 l&rsquo;utilisation du site web en notre nom et s&rsquo;engage contractuellement \u00e0 prendre des mesures pour garantir la s\u00e9curit\u00e9 et la confidentialit\u00e9 des donn\u00e9es trait\u00e9es.<\/p>\n<p>Lors de votre visite sur le site, les donn\u00e9es suivantes sont notamment enregistr\u00e9es :<\/p>\n<ul>\n<li>Pages consult\u00e9es<\/li>\n<li>La r\u00e9alisation des \u00ab\u00a0objectifs du site\u00a0\u00bb (par ex. demandes de contact et inscriptions \u00e0 la newsletter)<\/li>\n<li>Votre comportement sur les pages (par exemple temps pass\u00e9 sur le site, clics, comportement de d\u00e9filement)<\/li>\n<li>votre localisation approximative (pays et ville)<\/li>\n<li>votre adresse IP (sous forme abr\u00e9g\u00e9e, de sorte qu&rsquo;une attribution univoque n&rsquo;est pas possible)<\/li>\n<li>Informations techniques telles que navigateur, fournisseur d&rsquo;acc\u00e8s Internet, terminal et r\u00e9solution d&rsquo;\u00e9cran<\/li>\n<li>La source de votre visite (c.-\u00e0-d. le site web ou le support publicitaire par lequel vous \u00eates arriv\u00e9 chez nous).<\/li>\n<\/ul>\n<p>Les donn\u00e9es personnelles telles que le nom, l&rsquo;adresse ou les coordonn\u00e9es ne sont jamais transmises \u00e0 Google Analytics.<\/p>\n<p>Ces donn\u00e9es sont transmises aux serveurs de Google aux \u00c9tats-Unis. Nous attirons votre attention sur le fait qu&rsquo;en mati\u00e8re de protection des donn\u00e9es, le m\u00eame niveau de protection ne peut pas \u00eatre garanti aux \u00c9tats-Unis qu&rsquo;au sein de l&rsquo;UE.<\/p>\n<p>Google Analytics enregistre des cookies dans votre navigateur web pour une dur\u00e9e de deux ans depuis votre derni\u00e8re visite. Ces cookies contiennent un identifiant d&rsquo;utilisateur g\u00e9n\u00e9r\u00e9 de mani\u00e8re al\u00e9atoire qui permet de vous reconna\u00eetre lors de vos prochaines visites sur le site.<\/p>\n<p>Les donn\u00e9es enregistr\u00e9es sont stock\u00e9es avec l&rsquo;ID utilisateur g\u00e9n\u00e9r\u00e9 de mani\u00e8re al\u00e9atoire, ce qui permet d&rsquo;\u00e9valuer des profils d&rsquo;utilisateurs pseudonymes. Ces donn\u00e9es li\u00e9es \u00e0 l&rsquo;utilisateur sont automatiquement supprim\u00e9es au bout de 14 mois. Les autres donn\u00e9es restent stock\u00e9es sous forme agr\u00e9g\u00e9e pour une dur\u00e9e illimit\u00e9e.<\/p>\n<p>Si vous n&rsquo;\u00eates pas d&rsquo;accord avec cette collecte, vous pouvez l&#8217;emp\u00eacher en installant une seule fois le module compl\u00e9mentaire de navigateur pour la d\u00e9sactivation de Google Analytics ou en refusant les cookies via notre bo\u00eete de dialogue de param\u00e9trage des cookies.<br \/>\nD\u00e9claration de protection des donn\u00e9es pour le formulaire de contact<\/p>\n<p>Si vous nous faites parvenir des demandes par le biais du formulaire de contact, les informations que vous avez fournies dans le formulaire de demande, y compris les donn\u00e9es de contact que vous y avez indiqu\u00e9es, sont enregistr\u00e9es chez nous \u00e0 des fins de traitement de la demande et en cas de questions de suivi. Nous ne transmettons pas ces donn\u00e9es sans votre consentement.<\/p>\n<h2>Utilisation de Google reCAPTCHA<\/h2>\n<p>Ce site utilise le service reCAPTCHA de Google Ireland Limited (Gordon House, Barrow Street Dublin 4, Irlande \u00ab\u00a0Google\u00a0\u00bb). La requ\u00eate a pour but de distinguer si la saisie a \u00e9t\u00e9 effectu\u00e9e par un \u00eatre humain ou par un traitement automatis\u00e9 par une machine. La consultation inclut l&rsquo;envoi \u00e0 Google de l&rsquo;adresse IP et, le cas \u00e9ch\u00e9ant, d&rsquo;autres donn\u00e9es requises par Google pour le service reCAPTCHA. \u00c0 cette fin, votre saisie est transmise \u00e0 Google qui l&rsquo;utilise. Votre adresse IP sera toutefois raccourcie au pr\u00e9alable par Google dans les \u00c9tats membres de l&rsquo;Union europ\u00e9enne ou dans d&rsquo;autres \u00c9tats signataires de l&rsquo;accord sur l&rsquo;Espace \u00e9conomique europ\u00e9en. Ce n&rsquo;est que dans des cas exceptionnels que l&rsquo;adresse IP compl\u00e8te est transmise \u00e0 un serveur de Google aux \u00c9tats-Unis et y est abr\u00e9g\u00e9e. Google utilisera ces informations pour le compte de l&rsquo;exploitant de ce site web afin d&rsquo;\u00e9valuer votre utilisation de ce service. L&rsquo;adresse IP transmise par votre navigateur dans le cadre de reCaptcha ne sera pas recoup\u00e9e avec d&rsquo;autres donn\u00e9es de Google. Vos donn\u00e9es sont alors \u00e9ventuellement transmises aux \u00c9tats-Unis. Pour les transferts de donn\u00e9es vers les \u00c9tats-Unis, il existe une d\u00e9cision d&rsquo;ad\u00e9quation de la Commission europ\u00e9enne, le \u00ab\u00a0Privacy Shield\u00a0\u00bb. Google participe au \u00ab\u00a0Privacy Shield\u00a0\u00bb et s&rsquo;est soumis aux directives. En cliquant sur la demande, vous consentez au traitement de vos donn\u00e9es.<\/p>\n<p>Le traitement est effectu\u00e9 sur la base de l&rsquo;article 6 (1) lettre a du RGPD avec votre consentement. Vous pouvez r\u00e9voquer votre consentement \u00e0 tout moment, sans que la l\u00e9galit\u00e9 du traitement effectu\u00e9 sur la base du consentement jusqu&rsquo;\u00e0 la r\u00e9vocation n&rsquo;en soit affect\u00e9e.<\/p>\n<p>Vous trouverez de plus amples informations sur Google reCAPTCHA ainsi que la d\u00e9claration de confidentialit\u00e9 correspondante \u00e0 l&rsquo;adresse suivante : <a href=\"https:\/\/policies.google.com\/privacy?hl=de\">https:\/\/policies.google.com\/privacy?hl=de<\/a><br \/>\nExclusion g\u00e9n\u00e9rale de responsabilit\u00e9<\/p>\n<p>Toutes les informations de notre offre Internet ont \u00e9t\u00e9 soigneusement v\u00e9rifi\u00e9es. Nous nous effor\u00e7ons de proposer des informations actuelles, correctes et compl\u00e8tes. Toutefois, l&rsquo;apparition d&rsquo;erreurs ne peut pas \u00eatre totalement exclue, ce qui nous emp\u00eache de garantir l&rsquo;exhaustivit\u00e9, l&rsquo;exactitude et l&rsquo;actualit\u00e9 des informations, y compris celles de nature journalistique et r\u00e9dactionnelle. Toute pr\u00e9tention en responsabilit\u00e9 pour des dommages mat\u00e9riels ou immat\u00e9riels caus\u00e9s par l&rsquo;utilisation des informations propos\u00e9es est exclue, dans la mesure o\u00f9 il n&rsquo;est pas prouv\u00e9 qu&rsquo;il s&rsquo;agit d&rsquo;une faute intentionnelle ou d&rsquo;une n\u00e9gligence grave.<\/p>\n<p>L&rsquo;\u00e9diteur peut, \u00e0 sa seule discr\u00e9tion et sans pr\u00e9avis, modifier ou supprimer des textes et n&rsquo;est pas tenu de mettre \u00e0 jour le contenu de ce site. L&rsquo;utilisation ou l&rsquo;acc\u00e8s \u00e0 ce site web se fait aux risques et p\u00e9rils du visiteur. L&rsquo;\u00e9diteur, ses mandants ou ses partenaires ne sont pas responsables des dommages, tels que les dommages directs, indirects, accidentels, \u00e0 d\u00e9terminer concr\u00e8tement \u00e0 l&rsquo;avance ou cons\u00e9cutifs, pr\u00e9tendument caus\u00e9s par la visite de ce site web et n&rsquo;assument par cons\u00e9quent aucune responsabilit\u00e9 \u00e0 cet \u00e9gard.<\/p>\n<p>L&rsquo;\u00e9diteur d\u00e9cline \u00e9galement toute responsabilit\u00e9 quant au contenu et \u00e0 la disponibilit\u00e9 des sites web de tiers accessibles par des liens externes \u00e0 ce site web. Seuls les exploitants de ces sites sont responsables de leur contenu. L&rsquo;\u00e9diteur se distancie donc express\u00e9ment de tous les contenus de tiers qui pourraient \u00e9ventuellement relever du droit p\u00e9nal ou de la responsabilit\u00e9 civile ou qui pourraient \u00eatre contraires aux bonnes m\u0153urs.<br \/>\nModifications<\/p>\n<p>Nous pouvons adapter la pr\u00e9sente d\u00e9claration de protection des donn\u00e9es \u00e0 tout moment et sans pr\u00e9avis. La version actuelle publi\u00e9e sur notre site Internet fait foi. Dans la mesure o\u00f9 la d\u00e9claration de protection des donn\u00e9es fait partie d&rsquo;un accord avec vous, nous vous informerons de la modification par e-mail ou par tout autre moyen appropri\u00e9 en cas d&rsquo;actualisation.<\/p>\n<h2>Questions \u00e0 la personne charg\u00e9e de la protection des donn\u00e9es<\/h2>\n<p>L&rsquo;\u00e9diteur peut, \u00e0 sa discr\u00e9tion et sans pr\u00e9avis, modifier les textes.<\/p>\n<p>Si vous avez des questions concernant la protection des donn\u00e9es, veuillez nous envoyer un e-mail ou vous adresser directement \u00e0 la personne responsable de la protection des donn\u00e9es au sein de notre organisation, mentionn\u00e9e au d\u00e9but de la d\u00e9claration de protection des donn\u00e9es.<\/p>\n<p>Source : <a href=\"https:\/\/www.swissanwalt.ch\" target=\"_blank\" rel=\"noopener\">SwissAnwalt<\/a><\/p>\n<\/div><\/div><\/div><\/div><\/div><\/div><\/section>\n","protected":false},"excerpt":{"rendered":"Responsable du contenu de ce site et de la protection des donn\u00e9es Manuela Schild Kontrollstrasse 12 2503 Biel schild@solfemmes.ch Le site a \u00e9t\u00e9 cr\u00e9\u00e9 par marscom.ch L&rsquo;h\u00e9bergement est assur\u00e9 par hoststar.ch Remarque g\u00e9n\u00e9rale En vertu de l&rsquo;article 13 de la Constitution f\u00e9d\u00e9rale suisse et des dispositions f\u00e9d\u00e9rales relatives \u00e0 la protection des donn\u00e9es (loi sur...","protected":false},"author":1,"featured_media":644,"parent":618,"menu_order":0,"comment_status":"closed","ping_status":"closed","template":"","meta":{"footnotes":""},"class_list":["post-643","page","type-page","status-publish","has-post-thumbnail","hentry"],"_links":{"self":[{"href":"https:\/\/solfemmes.ch\/fr\/wp-json\/wp\/v2\/pages\/643","targetHints":{"allow":["GET"]}}],"collection":[{"href":"https:\/\/solfemmes.ch\/fr\/wp-json\/wp\/v2\/pages"}],"about":[{"href":"https:\/\/solfemmes.ch\/fr\/wp-json\/wp\/v2\/types\/page"}],"author":[{"embeddable":true,"href":"https:\/\/solfemmes.ch\/fr\/wp-json\/wp\/v2\/users\/1"}],"replies":[{"embeddable":true,"href":"https:\/\/solfemmes.ch\/fr\/wp-json\/wp\/v2\/comments?post=643"}],"version-history":[{"count":3,"href":"https:\/\/solfemmes.ch\/fr\/wp-json\/wp\/v2\/pages\/643\/revisions"}],"predecessor-version":[{"id":647,"href":"https:\/\/solfemmes.ch\/fr\/wp-json\/wp\/v2\/pages\/643\/revisions\/647"}],"up":[{"embeddable":true,"href":"https:\/\/solfemmes.ch\/fr\/wp-json\/wp\/v2\/pages\/618"}],"wp:featuredmedia":[{"embeddable":true,"href":"https:\/\/solfemmes.ch\/fr\/wp-json\/wp\/v2\/media\/644"}],"wp:attachment":[{"href":"https:\/\/solfemmes.ch\/fr\/wp-json\/wp\/v2\/media?parent=643"}],"curies":[{"name":"wp","href":"https:\/\/api.w.org\/{rel}","templated":true}]}}